{"id":17468,"date":"2020-11-19T15:45:44","date_gmt":"2020-11-19T15:45:44","guid":{"rendered":"https:\/\/www.medix-care.com\/klinisch\/"},"modified":"2020-12-02T09:43:21","modified_gmt":"2020-12-02T09:43:21","slug":"klinisch","status":"publish","type":"page","link":"https:\/\/www.medix-care.com\/de\/klinisch\/","title":{"rendered":"Klinisch"},"content":{"rendered":"<p>[vc_row equal_height=&#8220;yes&#8220; custom_styles_mobile=&#8220;.vc_custom_1568619457353{margin-bottom: 40px !important;}&#8220;][vc_column width=&#8220;1\/2&#8243;]<div class='rb_textmodule_69e4976382331 rb_textmodule with_subtitle mobile_align_center'><div class='rb_textmodule_info_wrapper'><h3 class='rb_textmodule_title '>Klinisch<\/h3><div class='rb_textmodule_content_wrapper'><p><img decoding=\"async\" class=\"alignleft wp-image-3137\" style=\"margin-right: 50px; margin-bottom: 20px;\" src=\"\/wp-content\/uploads\/2020\/02\/CLINICAL-05.svg\" alt=\"\" width=\"170\" height=\"209\" \/><\/p>\n<ul>\n<li>Klinische Integration \u00fcber HL7<\/li>\n<li>Patienten-Daten am Krankenbett<\/li>\n<li>Verbesserte Effizienz<\/li>\n<li>Medikamenten-Management<\/li>\n<li>PACs und EMR-Daten<\/li>\n<\/ul>\n\n<\/div><\/div><\/div>[\/vc_column][vc_column width=&#8220;1\/2&#8243; css=&#8220;.vc_custom_1580895447241{background-image: url(https:\/\/www.medix-care.com\/wp-content\/uploads\/2020\/02\/41-50-secrets-hospitals-wont-tell-you-schedule-surgery-1024&#215;682-1.jpg?id=2543) !important;border-radius: 10px !important;}&#8220; custom_styles_mobile=&#8220;.vc_custom_1580895447247{padding-top: 200px !important;}&#8220;][\/vc_column][\/vc_row][vc_row equal_height=&#8220;yes&#8220;][vc_column width=&#8220;1\/2&#8243; css=&#8220;.vc_custom_1580895494687{background-image: url(https:\/\/www.medix-care.com\/wp-content\/uploads\/2020\/02\/07-50-secrets-hospitals-our-pet-peeves.jpg?id=2529) !important;border-radius: 10px !important;}&#8220; custom_styles_mobile=&#8220;.vc_custom_1580895494694{padding-top: 200px !important;}&#8220;][\/vc_column][vc_column width=&#8220;1\/2&#8243; css=&#8220;.vc_custom_1567497876359{padding-left: 50px !important;}&#8220;]<div class='rb_textmodule_69e4976383044 rb_textmodule with_subtitle mobile_align_center'><div class='rb_textmodule_info_wrapper'><h3 class='rb_textmodule_title '>Auf die pers\u00f6nlichen Anforderungen der Patienten zugeschnitten<\/h3><div class='rb_textmodule_content_wrapper'><p>medix-care | Link bietet ein personalisiertes Leistungsangebot f\u00fcr Patienten an, welches auf die Pflegesituation des Patienten in der Klinik zugeschnitten ist. Gleichzeitig bef\u00e4higt medix-care Link die Fachkr\u00e4fte, ein hohes und pers\u00f6nliches Niveau an Pflegeleistung umzusetzen.<\/p>\n\n<\/div><a href='https:\/\/www.medix-care.com\/de\/kontakt\/' class='rb_textmodule_button rb_button arrow_fade_out medium'><span>Kontakt<\/span><\/a><\/div><\/div>[\/vc_column][\/vc_row][vc_row css=&#8220;.vc_custom_1568619541107{margin-top: 100px !important;border-top-width: 1px !important;border-right-width: 1px !important;border-bottom-width: 1px !important;border-left-width: 1px !important;padding-top: 50px !important;padding-right: 50px !important;padding-bottom: 50px !important;padding-left: 50px !important;border-left-color: #d9d9d9 !important;border-left-style: solid !important;border-right-color: #d9d9d9 !important;border-right-style: solid !important;border-top-color: #d9d9d9 !important;border-top-style: solid !important;border-bottom-color: #d9d9d9 !important;border-bottom-style: solid !important;border-radius: 10px !important;}&#8220; custom_styles_mobile=&#8220;.vc_custom_1568619541113{margin-right: 5px !important;margin-left: 5px !important;padding-top: 30px !important;padding-right: 30px !important;padding-bottom: 30px !important;padding-left: 30px !important;}&#8220;][vc_column width=&#8220;1\/3&#8243; custom_styles_mobile=&#8220;.vc_custom_1568619565610{padding-bottom: 50px !important;}&#8220;][vc_empty_space height=&#8220;128px&#8220;]<div id='rb_service_69e497638390e' class='rb_service_module style_icon_left shape_square hover_none mobile_align_center '><div class='service_image_wrapper'><img src='https:\/\/www.medix-care.com\/wp-content\/uploads\/2020\/02\/EMR-01.svg' alt='' \/><\/div><div class=\"service_content_wrapper\"><h3 class=\"service_title\">EMR<\/h3><\/div><\/div><div id='rb_service_69e4976383da5' class='rb_service_module style_icon_left shape_square hover_none mobile_align_center '><div class='service_image_wrapper'><img src='https:\/\/www.medix-care.com\/wp-content\/uploads\/2020\/02\/PACS-04.svg' alt='' \/><\/div><div class=\"service_content_wrapper\"><h3 class=\"service_title\">PACS<\/h3><\/div><\/div><div id='rb_service_69e49763842e9' class='rb_service_module style_icon_left shape_square hover_none mobile_align_center '><div class='service_image_wrapper'><img src='https:\/\/www.medix-care.com\/wp-content\/uploads\/2020\/02\/VITAL_SIGNS-07.svg' alt='' \/><\/div><div class=\"service_content_wrapper\"><h3 class=\"service_title\">Vitaldaten<\/h3><div class='content_wrapper'><p>&nbsp;<\/p>\n<p>&nbsp;<\/p>\n<\/div><\/div><\/div>[\/vc_column][vc_column width=&#8220;1\/3&#8243;][vc_wp_text]<\/p>\n<h3>Klinische Apps<\/h3>\n<p>[\/vc_wp_text][vc_empty_space]<div id='rb_service_69e497638472f' class='rb_service_module style_icon_left shape_square hover_none mobile_align_center '><div class='service_image_wrapper'><img src='https:\/\/www.medix-care.com\/wp-content\/uploads\/2020\/02\/MY_MEDICATION-02.svg' alt='' \/><\/div><div class=\"service_content_wrapper\"><h3 class=\"service_title\">Medikation<\/h3><\/div><\/div><div id='rb_service_69e4976384b52' class='rb_service_module style_icon_left shape_square hover_none mobile_align_center '><div class='service_image_wrapper'><img src='https:\/\/www.medix-care.com\/wp-content\/uploads\/2020\/02\/VIDEO_DOCTOR-05.svg' alt='' \/><\/div><div class=\"service_content_wrapper\"><h3 class=\"service_title\">Video-Arzt<\/h3><\/div><\/div><div id='rb_service_69e4976384f6e' class='rb_service_module style_icon_left shape_square hover_none mobile_align_center '><div class='service_image_wrapper'><img src='https:\/\/www.medix-care.com\/wp-content\/uploads\/2020\/02\/BED_MANAGEMENT-08.svg' alt='' \/><\/div><div class=\"service_content_wrapper\"><h3 class=\"service_title\">Betten-Management<\/h3><\/div><\/div>[\/vc_column][vc_column width=&#8220;1\/3&#8243;][vc_empty_space height=&#8220;128px&#8220;]<div id='rb_service_69e49763856b6' class='rb_service_module style_icon_left shape_square hover_none mobile_align_center '><div class='service_image_wrapper'><img src='https:\/\/www.medix-care.com\/wp-content\/uploads\/2020\/02\/DIETRY-03.svg' alt='' \/><\/div><div class=\"service_content_wrapper\"><h3 class=\"service_title\">Ern\u00e4hrung<\/h3><\/div><\/div><div id='rb_service_69e4976385cf8' class='rb_service_module style_icon_left shape_square hover_none mobile_align_center '><div class='service_image_wrapper'><img src='https:\/\/www.medix-care.com\/wp-content\/uploads\/2020\/02\/OBSERVATIONS-06.svg' alt='' \/><\/div><div class=\"service_content_wrapper\"><h3 class=\"service_title\">Observierungen<\/h3><\/div><\/div><div id='rb_service_69e497638617a' class='rb_service_module style_icon_left shape_square hover_none mobile_align_center '><div class='service_image_wrapper'><img src='https:\/\/www.medix-care.com\/wp-content\/uploads\/2020\/02\/PATIENT_NOTES-09.svg' alt='' \/><\/div><div class=\"service_content_wrapper\"><h3 class=\"service_title\">Patienten-Notizen<\/h3><\/div><\/div>[\/vc_column][\/vc_row][vc_row][vc_column][vc_empty_space][vc_empty_space][vc_empty_space][\/vc_column][\/vc_row][vc_row full_width=&#8220;stretch_row&#8220; css=&#8220;.vc_custom_1580318189004{margin-bottom: -100px !important;padding-top: 80px !important;padding-bottom: 80px !important;background-image: url(https:\/\/www.medix-care.com\/wp-content\/uploads\/2019\/09\/img_05.png?id=283) !important;}&#8220;][vc_column width=&#8220;5\/12&#8243; offset=&#8220;vc_col-lg-6 vc_col-md-6&#8243;][vc_tta_tabs active_section=&#8220;1&#8243;][vc_tta_section title=&#8220;Einzigartige Benutzeroberfl\u00e4che&#8220; tab_id=&#8220;1580318239994-aa361c0f-c550&#8243;]<div class='rb_textmodule_69e4976386222 rb_textmodule with_subtitle'><div class='rb_textmodule_info_wrapper'><div class='rb_textmodule_content_wrapper'><blockquote>\n<p>Wir waren in der Lage, die Benutzeroberfl\u00e4che an unsere Corporate Identity anzupassen, wodurch die Plattform im Krankenhaus leicht adaptiert werden konnte.<\/p>\n<\/blockquote>\n\n<\/div><\/div><\/div>[\/vc_tta_section][\/vc_tta_tabs][\/vc_column][vc_column width=&#8220;7\/12&#8243; offset=&#8220;vc_col-lg-6 vc_col-md-6&#8243;][\/vc_column][\/vc_row][vc_row css=&#8220;.vc_custom_1567500092505{padding-top: 100px !important;padding-bottom: 100px !important;}&#8220;][vc_column][vc_empty_space][vc_empty_space][vc_empty_space]<div class='rb_gallery_69e4976386577 rb_gallery_wrapper'><div class='rb_gallery_images columns_3 masonry'><div class='rb_gallery_image'><img src='https:\/\/www.medix-care.com\/wp-content\/uploads\/2020\/02\/CLINICAL_IPAD_V3.jpg' alt='App dashboard on tablet' \/><div class='rb_gallery_overlay'><\/div><\/div><div class='rb_gallery_image'><img src='https:\/\/www.medix-care.com\/wp-content\/uploads\/2020\/02\/CLINICAL_IPAD_V2.jpg' alt='App dashboard on tablet' \/><div class='rb_gallery_overlay'><\/div><\/div><div class='rb_gallery_image'><img src='https:\/\/www.medix-care.com\/wp-content\/uploads\/2020\/02\/CLINICAL_IPAD_V1.jpg' alt='App dashboard on tablet' \/><div class='rb_gallery_overlay'><\/div><\/div><\/div><\/div>[\/vc_column][\/vc_row][vc_row full_width=&#8220;stretch_row_content_no_spaces&#8220;][vc_column]<div id='rb_divider_69e4976386c28' class='rb_divider_wrapper default'><div class='rb_divider'><span><\/span><\/div><\/div>[\/vc_column][\/vc_row][vc_row][vc_column]<div class='rb_gallery_69e4976386c76 rb_gallery_wrapper'><div class='rb_gallery_images columns_3 masonry'><div class='rb_gallery_image'><img src='' alt='' \/><div class='rb_gallery_overlay'><\/div><\/div><div class='rb_gallery_image'><img src='' alt='' \/><div class='rb_gallery_overlay'><\/div><\/div><div class='rb_gallery_image'><img src='' alt='' \/><div class='rb_gallery_overlay'><\/div><\/div><\/div><\/div>[\/vc_column][\/vc_row]<\/p>\n","protected":false},"excerpt":{"rendered":"<p>[vc_row equal_height=&#8220;yes&#8220; custom_styles_mobile=&#8220;.vc_custom_1568619457353{margin-bottom: 40px !important;}&#8220;][vc_column width=&#8220;1\/2&#8243;][\/vc_column][vc_column width=&#8220;1\/2&#8243; css=&#8220;.vc_custom_1580895447241{background-image: url(https:\/\/www.medix-care.com\/wp-content\/uploads\/2020\/02\/41-50-secrets-hospitals-wont-tell-you-schedule-surgery-1024&#215;682-1.jpg?id=2543) !important;border-radius: 10px !important;}&#8220; custom_styles_mobile=&#8220;.vc_custom_1580895447247{padding-top: 200px !important;}&#8220;][\/vc_column][\/vc_row][vc_row equal_height=&#8220;yes&#8220;][vc_column width=&#8220;1\/2&#8243; css=&#8220;.vc_custom_1580895494687{background-image: url(https:\/\/www.medix-care.com\/wp-content\/uploads\/2020\/02\/07-50-secrets-hospitals-our-pet-peeves.jpg?id=2529) !important;border-radius: 10px !important;}&#8220; custom_styles_mobile=&#8220;.vc_custom_1580895494694{padding-top: 200px !important;}&#8220;][\/vc_column][vc_column width=&#8220;1\/2&#8243; css=&#8220;.vc_custom_1567497876359{padding-left: 50px !important;}&#8220;][\/vc_column][\/vc_row][vc_row css=&#8220;.vc_custom_1568619541107{margin-top: 100px !important;border-top-width: 1px !important;border-right-width: 1px !important;border-bottom-width: 1px !important;border-left-width: 1px !important;padding-top: 50px !important;padding-right: 50px !important;padding-bottom: 50px !important;padding-left: 50px !important;border-left-color: #d9d9d9 !important;border-left-style: solid !important;border-right-color: #d9d9d9 !important;border-right-style: solid [&hellip;]<\/p>\n","protected":false},"author":4,"featured_media":0,"parent":0,"menu_order":0,"comment_status":"closed","ping_status":"closed","template":"","meta":{"footnotes":""},"class_list":["post-17468","page","type-page","status-publish","hentry"],"yoast_head":"<!-- This site is optimized with the Yoast SEO plugin v24.9 - https:\/\/yoast.com\/wordpress\/plugins\/seo\/ -->\n<title>Klinisch - MEDIX-CARE<\/title>\n<meta name=\"robots\" content=\"index, follow, max-snippet:-1, max-image-preview:large, max-video-preview:-1\" \/>\n<link rel=\"canonical\" href=\"https:\/\/www.medix-care.com\/de\/klinisch\/\" \/>\n<meta property=\"og:locale\" content=\"de_DE\" \/>\n<meta property=\"og:type\" content=\"article\" \/>\n<meta property=\"og:title\" content=\"Klinisch - MEDIX-CARE\" \/>\n<meta property=\"og:description\" content=\"[vc_row equal_height=&#8220;yes&#8220; custom_styles_mobile=&#8220;.vc_custom_1568619457353{margin-bottom: 40px !important;}&#8220;][vc_column width=&#8220;1\/2&#8243;][\/vc_column][vc_column width=&#8220;1\/2&#8243; css=&#8220;.vc_custom_1580895447241{background-image: url(https:\/\/www.medix-care.com\/wp-content\/uploads\/2020\/02\/41-50-secrets-hospitals-wont-tell-you-schedule-surgery-1024&#215;682-1.jpg?id=2543) !important;border-radius: 10px !important;}&#8220; custom_styles_mobile=&#8220;.vc_custom_1580895447247{padding-top: 200px !important;}&#8220;][\/vc_column][\/vc_row][vc_row equal_height=&#8220;yes&#8220;][vc_column width=&#8220;1\/2&#8243; css=&#8220;.vc_custom_1580895494687{background-image: url(https:\/\/www.medix-care.com\/wp-content\/uploads\/2020\/02\/07-50-secrets-hospitals-our-pet-peeves.jpg?id=2529) !important;border-radius: 10px !important;}&#8220; custom_styles_mobile=&#8220;.vc_custom_1580895494694{padding-top: 200px !important;}&#8220;][\/vc_column][vc_column width=&#8220;1\/2&#8243; css=&#8220;.vc_custom_1567497876359{padding-left: 50px !important;}&#8220;][\/vc_column][\/vc_row][vc_row css=&#8220;.vc_custom_1568619541107{margin-top: 100px !important;border-top-width: 1px !important;border-right-width: 1px !important;border-bottom-width: 1px !important;border-left-width: 1px !important;padding-top: 50px !important;padding-right: 50px !important;padding-bottom: 50px !important;padding-left: 50px !important;border-left-color: #d9d9d9 !important;border-left-style: solid !important;border-right-color: #d9d9d9 !important;border-right-style: solid [&hellip;]\" \/>\n<meta property=\"og:url\" content=\"https:\/\/www.medix-care.com\/de\/klinisch\/\" \/>\n<meta property=\"og:site_name\" content=\"MEDIX-CARE\" \/>\n<meta property=\"article:modified_time\" content=\"2020-12-02T09:43:21+00:00\" \/>\n<meta name=\"twitter:card\" content=\"summary_large_image\" \/>\n<meta name=\"twitter:label1\" content=\"Gesch\u00e4tzte Lesezeit\" \/>\n\t<meta name=\"twitter:data1\" content=\"7\u00a0Minuten\" \/>\n<!-- \/ Yoast SEO plugin. -->","yoast_head_json":{"title":"Klinisch - MEDIX-CARE","robots":{"index":"index","follow":"follow","max-snippet":"max-snippet:-1","max-image-preview":"max-image-preview:large","max-video-preview":"max-video-preview:-1"},"canonical":"https:\/\/www.medix-care.com\/de\/klinisch\/","og_locale":"de_DE","og_type":"article","og_title":"Klinisch - MEDIX-CARE","og_description":"[vc_row equal_height=&#8220;yes&#8220; custom_styles_mobile=&#8220;.vc_custom_1568619457353{margin-bottom: 40px !important;}&#8220;][vc_column width=&#8220;1\/2&#8243;][\/vc_column][vc_column width=&#8220;1\/2&#8243; css=&#8220;.vc_custom_1580895447241{background-image: url(https:\/\/www.medix-care.com\/wp-content\/uploads\/2020\/02\/41-50-secrets-hospitals-wont-tell-you-schedule-surgery-1024&#215;682-1.jpg?id=2543) !important;border-radius: 10px !important;}&#8220; custom_styles_mobile=&#8220;.vc_custom_1580895447247{padding-top: 200px !important;}&#8220;][\/vc_column][\/vc_row][vc_row equal_height=&#8220;yes&#8220;][vc_column width=&#8220;1\/2&#8243; css=&#8220;.vc_custom_1580895494687{background-image: url(https:\/\/www.medix-care.com\/wp-content\/uploads\/2020\/02\/07-50-secrets-hospitals-our-pet-peeves.jpg?id=2529) !important;border-radius: 10px !important;}&#8220; custom_styles_mobile=&#8220;.vc_custom_1580895494694{padding-top: 200px !important;}&#8220;][\/vc_column][vc_column width=&#8220;1\/2&#8243; css=&#8220;.vc_custom_1567497876359{padding-left: 50px !important;}&#8220;][\/vc_column][\/vc_row][vc_row css=&#8220;.vc_custom_1568619541107{margin-top: 100px !important;border-top-width: 1px !important;border-right-width: 1px !important;border-bottom-width: 1px !important;border-left-width: 1px !important;padding-top: 50px !important;padding-right: 50px !important;padding-bottom: 50px !important;padding-left: 50px !important;border-left-color: #d9d9d9 !important;border-left-style: solid !important;border-right-color: #d9d9d9 !important;border-right-style: solid [&hellip;]","og_url":"https:\/\/www.medix-care.com\/de\/klinisch\/","og_site_name":"MEDIX-CARE","article_modified_time":"2020-12-02T09:43:21+00:00","twitter_card":"summary_large_image","twitter_misc":{"Gesch\u00e4tzte Lesezeit":"7\u00a0Minuten"},"schema":{"@context":"https:\/\/schema.org","@graph":[{"@type":"WebPage","@id":"https:\/\/www.medix-care.com\/de\/klinisch\/","url":"https:\/\/www.medix-care.com\/de\/klinisch\/","name":"Klinisch - MEDIX-CARE","isPartOf":{"@id":"https:\/\/www.medix-care.com\/de\/#website"},"datePublished":"2020-11-19T15:45:44+00:00","dateModified":"2020-12-02T09:43:21+00:00","breadcrumb":{"@id":"https:\/\/www.medix-care.com\/de\/klinisch\/#breadcrumb"},"inLanguage":"de","potentialAction":[{"@type":"ReadAction","target":["https:\/\/www.medix-care.com\/de\/klinisch\/"]}]},{"@type":"BreadcrumbList","@id":"https:\/\/www.medix-care.com\/de\/klinisch\/#breadcrumb","itemListElement":[{"@type":"ListItem","position":1,"name":"Home","item":"https:\/\/www.medix-care.com\/de\/"},{"@type":"ListItem","position":2,"name":"Klinisch"}]},{"@type":"WebSite","@id":"https:\/\/www.medix-care.com\/de\/#website","url":"https:\/\/www.medix-care.com\/de\/","name":"MEDIX-CARE","description":"Digital Healthcare Plattform","potentialAction":[{"@type":"SearchAction","target":{"@type":"EntryPoint","urlTemplate":"https:\/\/www.medix-care.com\/de\/?s={search_term_string}"},"query-input":{"@type":"PropertyValueSpecification","valueRequired":true,"valueName":"search_term_string"}}],"inLanguage":"de"}]}},"_links":{"self":[{"href":"https:\/\/www.medix-care.com\/de\/wp-json\/wp\/v2\/pages\/17468","targetHints":{"allow":["GET"]}}],"collection":[{"href":"https:\/\/www.medix-care.com\/de\/wp-json\/wp\/v2\/pages"}],"about":[{"href":"https:\/\/www.medix-care.com\/de\/wp-json\/wp\/v2\/types\/page"}],"author":[{"embeddable":true,"href":"https:\/\/www.medix-care.com\/de\/wp-json\/wp\/v2\/users\/4"}],"replies":[{"embeddable":true,"href":"https:\/\/www.medix-care.com\/de\/wp-json\/wp\/v2\/comments?post=17468"}],"version-history":[{"count":8,"href":"https:\/\/www.medix-care.com\/de\/wp-json\/wp\/v2\/pages\/17468\/revisions"}],"predecessor-version":[{"id":17725,"href":"https:\/\/www.medix-care.com\/de\/wp-json\/wp\/v2\/pages\/17468\/revisions\/17725"}],"wp:attachment":[{"href":"https:\/\/www.medix-care.com\/de\/wp-json\/wp\/v2\/media?parent=17468"}],"curies":[{"name":"wp","href":"https:\/\/api.w.org\/{rel}","templated":true}]}}