{"id":22976,"date":"2022-03-30T15:07:43","date_gmt":"2022-03-30T13:07:43","guid":{"rendered":"https:\/\/www.medix-care.com\/?page_id=22976"},"modified":"2022-04-04T12:04:40","modified_gmt":"2022-04-04T10:04:40","slug":"dmea-2022","status":"publish","type":"page","link":"https:\/\/www.medix-care.com\/de\/events\/dmea-2022\/","title":{"rendered":"DMEA 2022 \u2013 Digital Medical Expertise &#038; Applications"},"content":{"rendered":"<p>[vc_row full_width=&#8220;stretch_row&#8220; css=&#8220;.vc_custom_1648647562361{margin-bottom: 80px !important;border-top-width: 80px !important;border-bottom-width: 80px !important;background-image: url(https:\/\/www.medix-care.com\/wp-content\/uploads\/2022\/03\/dmea-919803146.jpg?id=22984) !important;}&#8220;][vc_column][vc_empty_space height=&#8220;65px&#8220;]<div class='rb_textmodule_69f430260c6e8 rb_textmodule with_subtitle'><div class='rb_textmodule_info_wrapper'><div class='rb_textmodule_content_wrapper'>\n<h1><span style=\"color: #ffffff;\">DMEA 2022 \u2013 Digital Medical Expertise &amp; Applications<\/span><\/h1>\r\n<\/div><\/div><\/div>[vc_empty_space height=&#8220;65px&#8220;][\/vc_column][\/vc_row][vc_row][vc_column width=&#8220;1\/2&#8243;][vc_column_text]<\/p>\r\n<p><img decoding=\"async\" class=\"wp-image-22977 alignnone\" src=\"https:\/\/www.medix-care.com\/wp-content\/uploads\/2022\/03\/dmea-bild-300x226.jpg\" alt=\"Dmea Eingang\" width=\"535\" height=\"403\" srcset=\"https:\/\/www.medix-care.com\/wp-content\/uploads\/2022\/03\/dmea-bild-300x226.jpg 300w, https:\/\/www.medix-care.com\/wp-content\/uploads\/2022\/03\/dmea-bild-768x580.jpg 768w, https:\/\/www.medix-care.com\/wp-content\/uploads\/2022\/03\/dmea-bild.jpg 840w\" sizes=\"(max-width: 535px) 100vw, 535px\" \/><\/p>\r\n<p><strong>26. bis 28. April 2022 in Berlin &#8211;\u00a0Halle 4.2 Stand D-104<\/strong><\/p>\r\n<p>Wir freuen uns, Sie zur DMEA 2022 vom 26. bis 28. April 2022 endlich wieder &#8222;live&#8220; zu begr\u00fc\u00dfen. Besuchen Sie uns in der Halle 4.2 am Stand D-104 und erfahren Sie alles \u00fcber die neuen\u00a0Health-IT Trends und\u00a0unserem Highlight, der Patient Journey rund um das KHZG Patientenportal.<\/p>\r\n<p>Mit dabei ist unser Partner <a href=\"https:\/\/www.heldele.de\">HELDELE<\/a>, das s\u00fcddeutsche Unternehmen ist ein Full-Service-Dienstleister und im Bereich der innovativen Klinik- und Pflegeeinrichtung t\u00e4tig.<\/p>\r\n<p>Die DMEA ist Europas wichtigste Fachmesse f\u00fcr Gesundheits-IT mit begleitendem Kongress, Akademie sowie zahlreichen Networking Veranstaltungen.<\/p>\r\n\r\n<p>Mehr Information zur Messe:<br \/><a href=\"https:\/\/www.dmea.de\/de\/\">www.dmea.de<\/a><\/p>\r\n\r\n<p>&nbsp;<\/p>\r\n<p>[\/vc_column_text][\/vc_column][vc_column width=&#8220;1\/2&#8243; column_shadow_color=&#8220;#d3d3d3&#8243; css=&#8220;.vc_custom_1648646621584{border-radius: 15px !important;}&#8220;]<div class='rb_textmodule_69f430260d2df rb_textmodule with_subtitle align_center'><div class='rb_textmodule_info_wrapper'><h3 class='rb_textmodule_title '>Terminvereinbarung<\/h3><div class='rb_textmodule_content_wrapper'><p>Vereinbaren Sie ein pers\u00f6nlichen Beratungstermin an unserem Stand.<\/p>\n<p>&nbsp;<\/p>\n\n<\/div><\/div><\/div>\n<div class=\"wpcf7 no-js\" id=\"wpcf7-f22982-o1\" lang=\"de-DE\" dir=\"ltr\" data-wpcf7-id=\"22982\">\n<div class=\"screen-reader-response\"><p role=\"status\" aria-live=\"polite\" aria-atomic=\"true\"><\/p> <ul><\/ul><\/div>\n<form action=\"\/de\/wp-json\/wp\/v2\/pages\/22976#wpcf7-f22982-o1\" method=\"post\" class=\"wpcf7-form init\" aria-label=\"Kontaktformular\" novalidate=\"novalidate\" data-status=\"init\">\n<div style=\"display: none;\">\n<input type=\"hidden\" name=\"_wpcf7\" value=\"22982\" \/>\n<input type=\"hidden\" name=\"_wpcf7_version\" value=\"6.0.6\" \/>\n<input type=\"hidden\" name=\"_wpcf7_locale\" value=\"de_DE\" \/>\n<input type=\"hidden\" name=\"_wpcf7_unit_tag\" value=\"wpcf7-f22982-o1\" \/>\n<input type=\"hidden\" name=\"_wpcf7_container_post\" value=\"0\" \/>\n<input type=\"hidden\" name=\"_wpcf7_posted_data_hash\" value=\"\" \/>\n<\/div>\n<p><label> Name<br \/>\n<span class=\"wpcf7-form-control-wrap\" data-name=\"your-name\"><input size=\"40\" maxlength=\"400\" class=\"wpcf7-form-control wpcf7-text wpcf7-validates-as-required\" aria-required=\"true\" aria-invalid=\"false\" placeholder=\"Vorname, Nachname\" value=\"\" type=\"text\" name=\"your-name\" \/><\/span> <\/label>\n<\/p>\n<p><label> Unternehmen<br \/>\n<span class=\"wpcf7-form-control-wrap\" data-name=\"company\"><input size=\"40\" maxlength=\"400\" class=\"wpcf7-form-control wpcf7-text wpcf7-validates-as-required\" aria-required=\"true\" aria-invalid=\"false\" placeholder=\"Unternehmen\" value=\"\" type=\"text\" name=\"company\" \/><\/span> <\/label>\n<\/p>\n<p><label> E-Mail-Adresse<br \/>\n<span class=\"wpcf7-form-control-wrap\" data-name=\"your-email\"><input size=\"40\" maxlength=\"400\" class=\"wpcf7-form-control wpcf7-email wpcf7-validates-as-required wpcf7-text wpcf7-validates-as-email\" aria-required=\"true\" aria-invalid=\"false\" placeholder=\"name@e-mail.de\" value=\"\" type=\"email\" name=\"your-email\" \/><\/span> <\/label>\n<\/p>\n<p><label> Telefonnummer<br \/>\n<span class=\"wpcf7-form-control-wrap\" data-name=\"tel-15\"><input size=\"40\" maxlength=\"400\" class=\"wpcf7-form-control wpcf7-tel wpcf7-validates-as-required wpcf7-text wpcf7-validates-as-tel\" aria-required=\"true\" aria-invalid=\"false\" placeholder=\"05121...\" value=\"\" type=\"tel\" name=\"tel-15\" \/><\/span> <\/label>\n<\/p>\n<p><input class=\"wpcf7-form-control wpcf7-submit has-spinner\" type=\"submit\" value=\"Terminanfrage verschicken\" \/>\n<\/p><input type='hidden' class='wpcf7-pum' value='{\"closepopup\":false,\"closedelay\":0,\"openpopup\":false,\"openpopup_id\":0}' \/><div class=\"wpcf7-response-output\" aria-hidden=\"true\"><\/div>\n<\/form>\n<\/div>\n[\/vc_column][\/vc_row][vc_row css=&#8220;.vc_custom_1648646491288{margin-top: 100px !important;}&#8220;][vc_column column_shadow_color=&#8220;#7a7a7a&#8220; css=&#8220;.vc_custom_1648646504615{border-radius: 15px !important;}&#8220;][\/vc_column][\/vc_row]<\/p>","protected":false},"excerpt":{"rendered":"<p>[vc_row full_width=&#8220;stretch_row&#8220; css=&#8220;.vc_custom_1648647562361{margin-bottom: 80px !important;border-top-width: 80px !important;border-bottom-width: 80px !important;background-image: url(https:\/\/www.medix-care.com\/wp-content\/uploads\/2022\/03\/dmea-919803146.jpg?id=22984) !important;}&#8220;][vc_column][vc_empty_space height=&#8220;65px&#8220;][vc_empty_space height=&#8220;65px&#8220;][\/vc_column][\/vc_row][vc_row][vc_column width=&#8220;1\/2&#8243;][vc_column_text] 26. bis 28. April 2022 in Berlin &#8211;\u00a0Halle 4.2 Stand D-104 Wir freuen uns, Sie zur DMEA 2022 vom 26. bis 28. April 2022 endlich wieder &#8222;live&#8220; zu begr\u00fc\u00dfen. Besuchen Sie uns in der Halle 4.2 am Stand D-104 und erfahren [&hellip;]<\/p>\n","protected":false},"author":3,"featured_media":0,"parent":21985,"menu_order":0,"comment_status":"closed","ping_status":"closed","template":"","meta":{"footnotes":""},"class_list":["post-22976","page","type-page","status-publish","hentry"],"yoast_head":"<!-- This site is optimized with the Yoast SEO plugin v24.9 - https:\/\/yoast.com\/wordpress\/plugins\/seo\/ -->\n<title>DMEA 2022 \u2013 Digital Medical Expertise &amp; Applications - MEDIX-CARE<\/title>\n<meta name=\"robots\" content=\"index, follow, max-snippet:-1, max-image-preview:large, max-video-preview:-1\" \/>\n<link rel=\"canonical\" href=\"https:\/\/www.medix-care.com\/de\/events\/dmea-2022\/\" \/>\n<meta property=\"og:locale\" content=\"de_DE\" \/>\n<meta property=\"og:type\" content=\"article\" \/>\n<meta property=\"og:title\" content=\"DMEA 2022 \u2013 Digital Medical Expertise &amp; Applications - MEDIX-CARE\" \/>\n<meta property=\"og:description\" content=\"[vc_row full_width=&#8220;stretch_row&#8220; css=&#8220;.vc_custom_1648647562361{margin-bottom: 80px !important;border-top-width: 80px !important;border-bottom-width: 80px !important;background-image: url(https:\/\/www.medix-care.com\/wp-content\/uploads\/2022\/03\/dmea-919803146.jpg?id=22984) !important;}&#8220;][vc_column][vc_empty_space height=&#8220;65px&#8220;][vc_empty_space height=&#8220;65px&#8220;][\/vc_column][\/vc_row][vc_row][vc_column width=&#8220;1\/2&#8243;][vc_column_text] 26. bis 28. April 2022 in Berlin &#8211;\u00a0Halle 4.2 Stand D-104 Wir freuen uns, Sie zur DMEA 2022 vom 26. bis 28. April 2022 endlich wieder &#8222;live&#8220; zu begr\u00fc\u00dfen. Besuchen Sie uns in der Halle 4.2 am Stand D-104 und erfahren [&hellip;]\" \/>\n<meta property=\"og:url\" content=\"https:\/\/www.medix-care.com\/de\/events\/dmea-2022\/\" \/>\n<meta property=\"og:site_name\" content=\"MEDIX-CARE\" \/>\n<meta property=\"article:modified_time\" content=\"2022-04-04T10:04:40+00:00\" \/>\n<meta property=\"og:image\" content=\"https:\/\/www.medix-care.com\/wp-content\/uploads\/2022\/03\/dmea-bild-300x226.jpg\" \/>\n<meta name=\"twitter:card\" content=\"summary_large_image\" \/>\n<meta name=\"twitter:label1\" content=\"Gesch\u00e4tzte Lesezeit\" \/>\n\t<meta name=\"twitter:data1\" content=\"2\u00a0Minuten\" \/>\n<!-- \/ Yoast SEO plugin. -->","yoast_head_json":{"title":"DMEA 2022 \u2013 Digital Medical Expertise & Applications - MEDIX-CARE","robots":{"index":"index","follow":"follow","max-snippet":"max-snippet:-1","max-image-preview":"max-image-preview:large","max-video-preview":"max-video-preview:-1"},"canonical":"https:\/\/www.medix-care.com\/de\/events\/dmea-2022\/","og_locale":"de_DE","og_type":"article","og_title":"DMEA 2022 \u2013 Digital Medical Expertise & Applications - MEDIX-CARE","og_description":"[vc_row full_width=&#8220;stretch_row&#8220; css=&#8220;.vc_custom_1648647562361{margin-bottom: 80px !important;border-top-width: 80px !important;border-bottom-width: 80px !important;background-image: url(https:\/\/www.medix-care.com\/wp-content\/uploads\/2022\/03\/dmea-919803146.jpg?id=22984) !important;}&#8220;][vc_column][vc_empty_space height=&#8220;65px&#8220;][vc_empty_space height=&#8220;65px&#8220;][\/vc_column][\/vc_row][vc_row][vc_column width=&#8220;1\/2&#8243;][vc_column_text] 26. bis 28. April 2022 in Berlin &#8211;\u00a0Halle 4.2 Stand D-104 Wir freuen uns, Sie zur DMEA 2022 vom 26. bis 28. April 2022 endlich wieder &#8222;live&#8220; zu begr\u00fc\u00dfen. Besuchen Sie uns in der Halle 4.2 am Stand D-104 und erfahren [&hellip;]","og_url":"https:\/\/www.medix-care.com\/de\/events\/dmea-2022\/","og_site_name":"MEDIX-CARE","article_modified_time":"2022-04-04T10:04:40+00:00","og_image":[{"url":"https:\/\/www.medix-care.com\/wp-content\/uploads\/2022\/03\/dmea-bild-300x226.jpg","type":"","width":"","height":""}],"twitter_card":"summary_large_image","twitter_misc":{"Gesch\u00e4tzte Lesezeit":"2\u00a0Minuten"},"schema":{"@context":"https:\/\/schema.org","@graph":[{"@type":"WebPage","@id":"https:\/\/www.medix-care.com\/de\/events\/dmea-2022\/","url":"https:\/\/www.medix-care.com\/de\/events\/dmea-2022\/","name":"DMEA 2022 \u2013 Digital Medical Expertise & Applications - MEDIX-CARE","isPartOf":{"@id":"https:\/\/www.medix-care.com\/de\/#website"},"primaryImageOfPage":{"@id":"https:\/\/www.medix-care.com\/de\/events\/dmea-2022\/#primaryimage"},"image":{"@id":"https:\/\/www.medix-care.com\/de\/events\/dmea-2022\/#primaryimage"},"thumbnailUrl":"https:\/\/www.medix-care.com\/wp-content\/uploads\/2022\/03\/dmea-bild-300x226.jpg","datePublished":"2022-03-30T13:07:43+00:00","dateModified":"2022-04-04T10:04:40+00:00","breadcrumb":{"@id":"https:\/\/www.medix-care.com\/de\/events\/dmea-2022\/#breadcrumb"},"inLanguage":"de","potentialAction":[{"@type":"ReadAction","target":["https:\/\/www.medix-care.com\/de\/events\/dmea-2022\/"]}]},{"@type":"ImageObject","inLanguage":"de","@id":"https:\/\/www.medix-care.com\/de\/events\/dmea-2022\/#primaryimage","url":"https:\/\/www.medix-care.com\/wp-content\/uploads\/2022\/03\/dmea-bild-300x226.jpg","contentUrl":"https:\/\/www.medix-care.com\/wp-content\/uploads\/2022\/03\/dmea-bild-300x226.jpg"},{"@type":"BreadcrumbList","@id":"https:\/\/www.medix-care.com\/de\/events\/dmea-2022\/#breadcrumb","itemListElement":[{"@type":"ListItem","position":1,"name":"Home","item":"https:\/\/www.medix-care.com\/de\/"},{"@type":"ListItem","position":2,"name":"Events","item":"https:\/\/www.medix-care.com\/de\/events\/"},{"@type":"ListItem","position":3,"name":"DMEA 2022 \u2013 Digital Medical Expertise &#038; Applications"}]},{"@type":"WebSite","@id":"https:\/\/www.medix-care.com\/de\/#website","url":"https:\/\/www.medix-care.com\/de\/","name":"MEDIX-CARE","description":"Digital Healthcare Plattform","potentialAction":[{"@type":"SearchAction","target":{"@type":"EntryPoint","urlTemplate":"https:\/\/www.medix-care.com\/de\/?s={search_term_string}"},"query-input":{"@type":"PropertyValueSpecification","valueRequired":true,"valueName":"search_term_string"}}],"inLanguage":"de"}]}},"_links":{"self":[{"href":"https:\/\/www.medix-care.com\/de\/wp-json\/wp\/v2\/pages\/22976","targetHints":{"allow":["GET"]}}],"collection":[{"href":"https:\/\/www.medix-care.com\/de\/wp-json\/wp\/v2\/pages"}],"about":[{"href":"https:\/\/www.medix-care.com\/de\/wp-json\/wp\/v2\/types\/page"}],"author":[{"embeddable":true,"href":"https:\/\/www.medix-care.com\/de\/wp-json\/wp\/v2\/users\/3"}],"replies":[{"embeddable":true,"href":"https:\/\/www.medix-care.com\/de\/wp-json\/wp\/v2\/comments?post=22976"}],"version-history":[{"count":6,"href":"https:\/\/www.medix-care.com\/de\/wp-json\/wp\/v2\/pages\/22976\/revisions"}],"predecessor-version":[{"id":23009,"href":"https:\/\/www.medix-care.com\/de\/wp-json\/wp\/v2\/pages\/22976\/revisions\/23009"}],"up":[{"embeddable":true,"href":"https:\/\/www.medix-care.com\/de\/wp-json\/wp\/v2\/pages\/21985"}],"wp:attachment":[{"href":"https:\/\/www.medix-care.com\/de\/wp-json\/wp\/v2\/media?parent=22976"}],"curies":[{"name":"wp","href":"https:\/\/api.w.org\/{rel}","templated":true}]}}