{"id":19113,"date":"2021-01-13T09:22:45","date_gmt":"2021-01-13T09:22:45","guid":{"rendered":"https:\/\/www.medix-care.com\/televisores-sanitarios\/"},"modified":"2021-01-14T10:57:22","modified_gmt":"2021-01-14T10:57:22","slug":"televisores-sanitarios","status":"publish","type":"page","link":"https:\/\/www.medix-care.com\/es\/televisores-sanitarios\/","title":{"rendered":"Televisores Sanitarios"},"content":{"rendered":"<p>[vc_row full_width=\u00bbstretch_row\u00bb css=\u00bb.vc_custom_1596704168002{margin-bottom: -100px !important;padding-top: 80px !important;padding-bottom: 80px !important;background-image: url(https:\/\/www.medix-care.com\/wp-content\/uploads\/2020\/08\/Backgrounds-08.png?id=15516) !important;}\u00bb][vc_column offset=\u00bbvc_col-lg-6 vc_col-md-6&#8243;]<div class='rb_textmodule_69fc4615cce3b rb_textmodule with_subtitle'><div class='rb_textmodule_info_wrapper'><div class='rb_textmodule_content_wrapper'><h1><span style=\"color: #ffffff;\"><br \/>\nTelevisores Sanitarios<br \/>\n<\/span><\/h1>\n\n<\/div><\/div><\/div>[\/vc_column][\/vc_row][vc_row equal_height=\u00bbyes\u00bb custom_styles_mobile=\u00bb.vc_custom_1568619457353{margin-bottom: 40px !important;}\u00bb][vc_column width=\u00bb1\/2&#8243;][vc_empty_space height=\u00bb50px\u00bb]<div class='rb_textmodule_69fc4615cd825 rb_textmodule with_subtitle mobile_align_center'><div class='rb_textmodule_info_wrapper'><h5 class='rb_textmodule_title '>Plataforma MEDIX-CARE Link integrada<\/h5><div class='rb_textmodule_content_wrapper'><p>Los nuevos televisores sanitarios est\u00e1n modernizando las habitaciones de los pacientes, ya que permiten integrar una plataforma inform\u00e1tica que proporciona una variedad de contenido a los pacientes. Estos televisores vers\u00e1tiles ofrecen una mejor conectividad IP y pueden conectarse a dispositivos personales compatibles. Los televisores son conectados Con MEDIX-CARE Link, y ofrecen Infoentretenimiento e informaci\u00f3n para el paciente. Los televisores se pueden sincronizar con el equipo de tratamiento y proporcionan funciones de mensajer\u00eda y comunicaci\u00f3n en tiempo real, incluidas videollamadas y asesoramiento de telemedicina.<\/p>\n\n<\/div><\/div><\/div>[\/vc_column][vc_column width=\u00bb1\/2&#8243; css=\u00bb.vc_custom_1581864980108{border-radius: 10px !important;}\u00bb custom_styles_mobile=\u00bb.vc_custom_1581864980113{padding-top: 200px !important;}\u00bb][vc_empty_space height=\u00bb150px\u00bb]<div id='rb_image_69fc4615cdc13' class='rb_image_module background_no_hover' ><div class=\"main_image\"><img decoding=\"async\" class=\"image\" src=\"https:\/\/www.medix-care.com\/wp-content\/uploads\/2020\/08\/Bed-2.jpg\" alt=\"Male patient in bed changing channels\" \/><\/div><\/div>[\/vc_column][\/vc_row][vc_row equal_height=\u00bbyes\u00bb][vc_column width=\u00bb1\/2&#8243; css=\u00bb.vc_custom_1581865239765{border-radius: 10px !important;}\u00bb custom_styles_mobile=\u00bb.vc_custom_1581865239770{padding-top: 200px !important;}\u00bb][vc_empty_space height=\u00bb75px\u00bb]<div id='rb_image_69fc4615cdf04' class='rb_image_module background_no_hover' ><div class=\"main_image\"><img decoding=\"async\" class=\"image\" src=\"https:\/\/www.medix-care.com\/wp-content\/uploads\/2020\/08\/image_2020_08_03T11_55_01_724Z.png\" alt=\"Device dashboard\" \/><\/div><\/div>[\/vc_column][vc_column width=\u00bb1\/2&#8243; css=\u00bb.vc_custom_1567497876359{padding-left: 50px !important;}\u00bb]<div class='rb_textmodule_69fc4615ce15d rb_textmodule with_subtitle mobile_align_center'><div class='rb_textmodule_info_wrapper'><h4 class='rb_textmodule_title '>Televisores inteligentes<\/h4><div class='rb_textmodule_content_wrapper'><p>La soluci\u00f3n MEDIX-CARE Link TV ofrece, en varias opciones de idioma, diversos contenidos de informaci\u00f3n, entretenimiento y servicios de atenci\u00f3n m\u00e9dica. Cuando los televisores se conectan al sistema de informaci\u00f3n del hospital, pueden mostrar la informaci\u00f3n cl\u00ednica electr\u00f3nica del paciente. Tambi\u00e9n muestra opciones de infoentretenimiento c\u00f3mo televisi\u00f3n, pel\u00edculas, revistas, juegos, etc. Link permite a los hospitales utilizar videos de bienvenida o comunicados para mantener informados a los pacientes durante todo el proceso de atenci\u00f3n. Los televisores son una soluci\u00f3n ideal para fijar en la pared de las habitaciones individuales o para la se\u00f1alizaci\u00f3n en los vest\u00edbulos del centro sanitario.<\/p>\n\n<\/div><\/div><\/div>[\/vc_column][\/vc_row][vc_row equal_height=\u00bbyes\u00bb][vc_column width=\u00bb1\/2&#8243; css=\u00bb.vc_custom_1581865239765{border-radius: 10px !important;}\u00bb custom_styles_mobile=\u00bb.vc_custom_1581865239770{padding-top: 200px !important;}\u00bb]<div class='rb_textmodule_69fc4615ce4e8 rb_textmodule with_subtitle mobile_align_center'><div class='rb_textmodule_info_wrapper'><h4 class='rb_textmodule_title '>Nuestro saber hacer<\/h4><div class='rb_textmodule_content_wrapper'><p>Todos los aspectos del proyecto se dise\u00f1ar\u00e1n para adaptarse a su infraestructura, t\u00e9cnica y f\u00edsica existente. Tenemos amplia experiencia internacional en la implementaci\u00f3n de proyectos IT. Gracias a nuestro know-how de m\u00e1s de 20 a\u00f1os podemos transmitir este conocimiento enriquecedor para asesorarles y resolverles sus necesidades tecnol\u00f3gicas. Nuestro equipo trabaja en estrecha colaboraci\u00f3n con todos los involucrados del proyecto, desde el dise\u00f1o de la arquitectura t\u00e9cnica, la instalaci\u00f3n f\u00edsica, la configuraci\u00f3n de los servicios, la integraci\u00f3n con las aplicaciones existentes hasta la configuraci\u00f3n del sistema, para poner en marcha con \u00e9xito el sistema.<\/p>\n\n<\/div><\/div><\/div>[\/vc_column][vc_column width=\u00bb1\/2&#8243; css=\u00bb.vc_custom_1567497876359{padding-left: 50px !important;}\u00bb][vc_empty_space height=\u00bb50px\u00bb]<div id='rb_image_69fc4615ce7f7' class='rb_image_module background_no_hover' ><div class=\"main_image\"><img decoding=\"async\" class=\"image\" src=\"https:\/\/www.medix-care.com\/wp-content\/uploads\/2020\/02\/tv-hospitales-valencianos-2.jpg\" alt=\"Male patient watching TV Screen in hospital room\" \/><\/div><\/div>[\/vc_column][\/vc_row][vc_row][vc_column][vc_empty_space height=\u00bb64px\u00bb][\/vc_column][\/vc_row][vc_row full_width=\u00bbstretch_row\u00bb css=\u00bb.vc_custom_1596705712110{padding-top: 100px !important;padding-bottom: 100px !important;background-image: url(https:\/\/www.medix-care.com\/wp-content\/uploads\/2020\/02\/LT572M-01-UL-Listed-Healthcare-TVs-with-Advanced-Features-for-Hospitals-Special-Commercial-Signage-ID_1560814423709.jpg?id=3041) !important;}\u00bb][vc_column width=\u00bb1\/2&#8243;]<div class='rb_textmodule_69fc4615ceb15 rb_textmodule with_subtitle mobile_align_center'><div class='rb_textmodule_info_wrapper'><div class='rb_textmodule_content_wrapper'><h3><span style=\"color: #000000;\">FAQ sobre los Televisores Sanitarios<\/span><\/h3>\n\n<\/div><\/div><\/div>[vc_tta_accordion active_section=\u00bb9&#8243; collapsible_all=\u00bbtrue\u00bb el_class=\u00bbcolor_white\u00bb css=\u00bb.vc_custom_1568115710687{margin-top: 45px !important;}\u00bb][vc_tta_section title=\u00bb\u00bfC\u00f3mo controlo el televisor en la habitaci\u00f3n?\u00bb tab_id=\u00bb1568115621630-46455e13-b4112414-3013e71e-29a2&#8243;][vc_column_text]<\/p>\n<p>El Televisor Sanitario se puede controlar con un mando a distancia o un altavoz tipo almohada.<\/p>\n<p>[\/vc_column_text][\/vc_tta_section][vc_tta_section title=\u00bb\u00bfPuedo ver las \u00faltimas pel\u00edculas en mi televisor?\u00bb tab_id=\u00bb1568115634291-59477cbe-5b292414-3013e71e-29a2&#8243;][vc_column_text]<\/p>\n<p>Las \u00faltimas pel\u00edculas y programas de televisi\u00f3n se pueden emitir en su habitaci\u00f3n.<\/p>\n<p>[\/vc_column_text][\/vc_tta_section][vc_tta_section title=\u00bb\u00bfPuedo transferir aplicaciones desde mi dispositivo personal al televisor?\u00bb tab_id=\u00bb1581861793923-61ca6f4e-c4542414-3013e71e-29a2&#8243;][vc_column_text]<\/p>\n<p>S\u00ed, el contenido del dispositivo personal se puede transferir al televisor con dispositivos compatibles.<\/p>\n<p>[\/vc_column_text][\/vc_tta_section][vc_tta_section title=\u00bb\u00bfQu\u00e9 aplicaciones est\u00e1n disponibles despu\u00e9s de iniciar sesi\u00f3n?\u00bb tab_id=\u00bb1581929434000-7010c0c3-5d94e71e-29a2&#8243;][vc_column_text]<\/p>\n<p>El usuario, despu\u00e9s de iniciar sesi\u00f3n, puede utilizar aplicaciones de comunicaci\u00f3n, informaci\u00f3n, entretenimiento, servicio de atenci\u00f3n m\u00e9dica, entre otros.<\/p>\n<p>[\/vc_column_text][\/vc_tta_section][\/vc_tta_accordion][\/vc_column][vc_column width=\u00bb1\/2&#8243;][\/vc_column][\/vc_row][vc_row][vc_column][vc_empty_space height=\u00bb64px\u00bb][vc_column_text]<\/p>\n<h3 style=\"text-align: center;\">M\u00e1s Opciones de Hardware<\/h3>\n<p>[\/vc_column_text][vc_empty_space]<div id='rb_case_study_69fc4615cef14' class='rb_case_study_module'><div class=\"rb_case_study_wrapper columns_3\">\t\t\t\t\t<div class=\"rb_case_study\">\n\t\t\t\t\t\t<a href=\"https:\/\/www.medix-care.com\/es\/case-studies\/carro-de-telemedicina\/\" class=\"image-wrapper\">\n\t\t\t\t\t\t\t<img decoding=\"async\" width=\"2000\" height=\"1500\" src=\"https:\/\/www.medix-care.com\/wp-content\/uploads\/2020\/08\/BHL-Medi-Table-007.jpg\" class=\"attachment-full size-full wp-post-image\" alt=\"Dashboard display on Medi table\" sizes=\"(max-width: 767px) 100vw, (max-width: 991px) 50vw, 33vw\" srcset=\"https:\/\/www.medix-care.com\/wp-content\/uploads\/2020\/08\/BHL-Medi-Table-007.jpg 2000w, https:\/\/www.medix-care.com\/wp-content\/uploads\/2020\/08\/BHL-Medi-Table-007-300x225.jpg 300w, https:\/\/www.medix-care.com\/wp-content\/uploads\/2020\/08\/BHL-Medi-Table-007-1024x768.jpg 1024w, https:\/\/www.medix-care.com\/wp-content\/uploads\/2020\/08\/BHL-Medi-Table-007-768x576.jpg 768w, https:\/\/www.medix-care.com\/wp-content\/uploads\/2020\/08\/BHL-Medi-Table-007-1536x1152.jpg 1536w\" \/>\n\t\t\t\t\t\t\t<div class=\"logo-wrapper\">\n\t\t\t\t\t\t\t\t\t\t\t\t\t\t\t<\/div>\n\t\t\t\t\t\t<\/a>\n\t\t\t\t\t\t<a href=\"https:\/\/www.medix-care.com\/es\/case-studies\/carro-de-telemedicina\/\">\n\t\t\t\t\t\t\t<h5>Carro de telemedicina<\/h5>\n\t\t\t\t\t\t<\/a>\n\t\t\t\t\t\t<div class=\"case-study-content\">\n\t\t\t\t\t\t\tLos dispositivos administrados permanecen conectados al equipo de atenci\u00f3n m\u00e9dica a trav\u00e9s de la plataforma MEDIX-CARE Link <div class=\"blog-readmore-wrap\"><a class=\"blog-readmore medium arrow_fade_in rb_button\" href=\"https:\/\/www.medix-care.com\/es\/case-studies\/carro-de-telemedicina\/\" target=\"_self\"><span>Saber m\u00e1s<\/span><\/a><\/div>\t\t\t\t\t\t<\/div>\n\t\t\t\t\t<\/div>\n\t\t\t\t\t\t\t\t\t<div class=\"rb_case_study\">\n\t\t\t\t\t\t<a href=\"https:\/\/www.medix-care.com\/es\/case-studies\/terminales-multimedia\/\" class=\"image-wrapper\">\n\t\t\t\t\t\t\t<img decoding=\"async\" width=\"1024\" height=\"710\" src=\"https:\/\/www.medix-care.com\/wp-content\/uploads\/2020\/01\/bedsiteterminal-1024x710-1.png\" class=\"attachment-full size-full wp-post-image\" alt=\"Dashboard on computer\" sizes=\"(max-width: 767px) 100vw, (max-width: 991px) 50vw, 33vw\" srcset=\"https:\/\/www.medix-care.com\/wp-content\/uploads\/2020\/01\/bedsiteterminal-1024x710-1.png 1024w, https:\/\/www.medix-care.com\/wp-content\/uploads\/2020\/01\/bedsiteterminal-1024x710-1-300x208.png 300w, https:\/\/www.medix-care.com\/wp-content\/uploads\/2020\/01\/bedsiteterminal-1024x710-1-768x533.png 768w\" \/>\n\t\t\t\t\t\t\t<div class=\"logo-wrapper\">\n\t\t\t\t\t\t\t\t\t\t\t\t\t\t\t<\/div>\n\t\t\t\t\t\t<\/a>\n\t\t\t\t\t\t<a href=\"https:\/\/www.medix-care.com\/es\/case-studies\/terminales-multimedia\/\">\n\t\t\t\t\t\t\t<h5>Terminales Multimedia<\/h5>\n\t\t\t\t\t\t<\/a>\n\t\t\t\t\t\t<div class=\"case-study-content\">\n\t\t\t\t\t\t\tLos terminales multimedia proporcionan una interfaz de usuario interactiva que conecta pacientes y cl\u00ednicas.<div class=\"blog-readmore-wrap\"><a class=\"blog-readmore medium arrow_fade_in rb_button\" href=\"https:\/\/www.medix-care.com\/es\/case-studies\/terminales-multimedia\/\" target=\"_self\"><span>Saber m\u00e1s<\/span><\/a><\/div>\t\t\t\t\t\t<\/div>\n\t\t\t\t\t<\/div>\n\t\t\t\t\t\t\t\t\t<div class=\"rb_case_study\">\n\t\t\t\t\t\t<a href=\"https:\/\/www.medix-care.com\/es\/case-studies\/tabletas\/\" class=\"image-wrapper\">\n\t\t\t\t\t\t\t<img decoding=\"async\" width=\"532\" height=\"379\" src=\"https:\/\/www.medix-care.com\/wp-content\/uploads\/2020\/01\/Tablets-wi-Fi.png\" class=\"attachment-full size-full wp-post-image\" alt=\"Dashboard of app on digital tablet\" sizes=\"(max-width: 767px) 100vw, (max-width: 991px) 50vw, 33vw\" srcset=\"https:\/\/www.medix-care.com\/wp-content\/uploads\/2020\/01\/Tablets-wi-Fi.png 532w, https:\/\/www.medix-care.com\/wp-content\/uploads\/2020\/01\/Tablets-wi-Fi-300x214.png 300w\" \/>\n\t\t\t\t\t\t\t<div class=\"logo-wrapper\">\n\t\t\t\t\t\t\t\t\t\t\t\t\t\t\t<\/div>\n\t\t\t\t\t\t<\/a>\n\t\t\t\t\t\t<a href=\"https:\/\/www.medix-care.com\/es\/case-studies\/tabletas\/\">\n\t\t\t\t\t\t\t<h5>Tabletas<\/h5>\n\t\t\t\t\t\t<\/a>\n\t\t\t\t\t\t<div class=\"case-study-content\">\n\t\t\t\t\t\t\tTabletas administradas que permiten la participaci\u00f3n del paciente durante toda la estad\u00eda en el hospital.<div class=\"blog-readmore-wrap\"><a class=\"blog-readmore medium arrow_fade_in rb_button\" href=\"https:\/\/www.medix-care.com\/es\/case-studies\/tabletas\/\" target=\"_self\"><span>Saber m\u00e1s<\/span><\/a><\/div>\t\t\t\t\t\t<\/div>\n\t\t\t\t\t<\/div>\n\t\t\t\t<\/div><\/div>[vc_empty_space][vc_empty_space][\/vc_column][\/vc_row][vc_row full_width=\u00bbstretch_row\u00bb css=\u00bb.vc_custom_1581928850968{margin-bottom: -100px !important;padding-top: 80px !important;padding-bottom: 80px !important;background-image: url(https:\/\/www.medix-care.com\/wp-content\/uploads\/2019\/09\/img_09-2.jpg?id=1363) !important;}\u00bb][vc_column width=\u00bb5\/12&#8243; offset=\u00bbvc_col-lg-6 vc_col-md-6&#8243;][\/vc_column][vc_column width=\u00bb7\/12&#8243; offset=\u00bbvc_col-lg-6 vc_col-md-6&#8243;][vc_tta_tabs active_section=\u00bb1&#8243;][vc_tta_section title=\u00bbInterfaz de usuario \u00fanico\u00bb tab_id=\u00bb1596622276611-37112cb5-a537&#8243;]<div class='rb_textmodule_69fc4615d142e rb_textmodule with_subtitle'><div class='rb_textmodule_info_wrapper'><div class='rb_textmodule_content_wrapper'><blockquote>\n<p>Pudimos adaptar la interfaz de usuario a nuestra identidad corporativa, lo que facilit\u00f3 la adaptaci\u00f3n de la plataforma en el hospital.<\/p>\n<\/blockquote>\n\n<\/div><\/div><\/div>[\/vc_tta_section][\/vc_tta_tabs][\/vc_column][\/vc_row][vc_row css=\u00bb.vc_custom_1567500092505{padding-top: 100px !important;padding-bottom: 100px !important;}\u00bb][vc_column][vc_empty_space][vc_empty_space][vc_column_text]<\/p>\n<h3 style=\"text-align: center;\">Personalizaci\u00f3n del Interfaz de Usuario<\/h3>\n<p>[\/vc_column_text][vc_empty_space]<div class='rb_gallery_69fc4615d17c9 rb_gallery_wrapper'><div class='rb_gallery_images columns_3 masonry'><div class='rb_gallery_image'><img src='https:\/\/www.medix-care.com\/wp-content\/uploads\/2020\/02\/ENTERTAINMENT_IPAD2.jpg' alt='App dashboard on tablet' \/><div class='rb_gallery_overlay'><\/div><\/div><div class='rb_gallery_image'><img src='https:\/\/www.medix-care.com\/wp-content\/uploads\/2020\/02\/ENTERTAINMENT_IPAD1.jpg' alt='App dashboard on tablet' \/><div class='rb_gallery_overlay'><\/div><\/div><div class='rb_gallery_image'><img src='https:\/\/www.medix-care.com\/wp-content\/uploads\/2020\/02\/ENTERTAINMENT_IPAD3.jpg' alt='App dashboard on tablet' \/><div class='rb_gallery_overlay'><\/div><\/div><\/div><\/div>[\/vc_column][\/vc_row][vc_row full_width=\u00bbstretch_row\u00bb content_placement=\u00bbmiddle\u00bb css=\u00bb.vc_custom_1568036385537{margin-bottom: -100px !important;padding-top: 50px !important;padding-bottom: 50px !important;background-image: url(https:\/\/www.medix-care.com\/wp-content\/uploads\/2019\/08\/bg_04.jpg?id=108) !important;}\u00bb][vc_column width=\u00bb2\/3&#8243;]<div class='rb_textmodule_69fc4615d1db3 rb_textmodule with_icon align_left mobile_align_center'><div class='rb_textmodule_icon shape_none'><i class='flaticon-question-1'><\/i><\/div><div class='rb_textmodule_info_wrapper'><h3 class='rb_textmodule_title '>\u00bfC\u00f3mo podemos ayudarle?<\/h3><div class='rb_textmodule_content_wrapper'><p>Cont\u00e1ctenos para obtener m\u00e1s informaci\u00f3n sobre las soluciones MEDIX-CARE<\/p>\n<\/div><\/div><\/div>[\/vc_column][vc_column width=\u00bb1\/3&#8243; custom_styles_mobile=\u00bb.vc_custom_1568616608648{margin-top: 30px !important;}\u00bb]<div id='rb_button_wrapper_69fc4615d213a' class='rb_button_wrapper '><a id='rb_button_69fc4615d213d' class='rb_button arrow_fade_out medium' href='\/contacto\/' ><span>Contacto<\/span><\/a><\/div>[\/vc_column][\/vc_row]<\/p>\n","protected":false},"excerpt":{"rendered":"<p>[vc_row full_width=\u00bbstretch_row\u00bb css=\u00bb.vc_custom_1596704168002{margin-bottom: -100px !important;padding-top: 80px !important;padding-bottom: 80px !important;background-image: url(https:\/\/www.medix-care.com\/wp-content\/uploads\/2020\/08\/Backgrounds-08.png?id=15516) !important;}\u00bb][vc_column offset=\u00bbvc_col-lg-6 vc_col-md-6&#8243;][\/vc_column][\/vc_row][vc_row equal_height=\u00bbyes\u00bb custom_styles_mobile=\u00bb.vc_custom_1568619457353{margin-bottom: 40px !important;}\u00bb][vc_column width=\u00bb1\/2&#8243;][vc_empty_space height=\u00bb50px\u00bb][\/vc_column][vc_column width=\u00bb1\/2&#8243; css=\u00bb.vc_custom_1581864980108{border-radius: 10px !important;}\u00bb custom_styles_mobile=\u00bb.vc_custom_1581864980113{padding-top: 200px !important;}\u00bb][vc_empty_space height=\u00bb150px\u00bb][\/vc_column][\/vc_row][vc_row equal_height=\u00bbyes\u00bb][vc_column width=\u00bb1\/2&#8243; css=\u00bb.vc_custom_1581865239765{border-radius: 10px !important;}\u00bb custom_styles_mobile=\u00bb.vc_custom_1581865239770{padding-top: 200px !important;}\u00bb][vc_empty_space height=\u00bb75px\u00bb][\/vc_column][vc_column width=\u00bb1\/2&#8243; css=\u00bb.vc_custom_1567497876359{padding-left: 50px !important;}\u00bb][\/vc_column][\/vc_row][vc_row equal_height=\u00bbyes\u00bb][vc_column width=\u00bb1\/2&#8243; css=\u00bb.vc_custom_1581865239765{border-radius: 10px !important;}\u00bb custom_styles_mobile=\u00bb.vc_custom_1581865239770{padding-top: 200px !important;}\u00bb][\/vc_column][vc_column width=\u00bb1\/2&#8243; css=\u00bb.vc_custom_1567497876359{padding-left: 50px !important;}\u00bb][vc_empty_space height=\u00bb50px\u00bb][\/vc_column][\/vc_row][vc_row][vc_column][vc_empty_space height=\u00bb64px\u00bb][\/vc_column][\/vc_row][vc_row full_width=\u00bbstretch_row\u00bb [&hellip;]<\/p>\n","protected":false},"author":4,"featured_media":0,"parent":0,"menu_order":0,"comment_status":"closed","ping_status":"closed","template":"","meta":{"footnotes":""},"class_list":["post-19113","page","type-page","status-publish","hentry"],"yoast_head":"<!-- This site is optimized with the Yoast SEO plugin v24.9 - https:\/\/yoast.com\/wordpress\/plugins\/seo\/ -->\n<title>Televisores Sanitarios - MEDIX-CARE<\/title>\n<meta name=\"robots\" content=\"index, follow, max-snippet:-1, max-image-preview:large, max-video-preview:-1\" \/>\n<link rel=\"canonical\" href=\"https:\/\/www.medix-care.com\/es\/televisores-sanitarios\/\" \/>\n<meta property=\"og:locale\" content=\"es_ES\" \/>\n<meta property=\"og:type\" content=\"article\" \/>\n<meta property=\"og:title\" content=\"Televisores Sanitarios - MEDIX-CARE\" \/>\n<meta property=\"og:description\" content=\"[vc_row full_width=\u00bbstretch_row\u00bb css=\u00bb.vc_custom_1596704168002{margin-bottom: -100px !important;padding-top: 80px !important;padding-bottom: 80px !important;background-image: url(https:\/\/www.medix-care.com\/wp-content\/uploads\/2020\/08\/Backgrounds-08.png?id=15516) !important;}\u00bb][vc_column offset=\u00bbvc_col-lg-6 vc_col-md-6&#8243;][\/vc_column][\/vc_row][vc_row equal_height=\u00bbyes\u00bb custom_styles_mobile=\u00bb.vc_custom_1568619457353{margin-bottom: 40px !important;}\u00bb][vc_column width=\u00bb1\/2&#8243;][vc_empty_space height=\u00bb50px\u00bb][\/vc_column][vc_column width=\u00bb1\/2&#8243; css=\u00bb.vc_custom_1581864980108{border-radius: 10px !important;}\u00bb custom_styles_mobile=\u00bb.vc_custom_1581864980113{padding-top: 200px !important;}\u00bb][vc_empty_space height=\u00bb150px\u00bb][\/vc_column][\/vc_row][vc_row equal_height=\u00bbyes\u00bb][vc_column width=\u00bb1\/2&#8243; css=\u00bb.vc_custom_1581865239765{border-radius: 10px !important;}\u00bb custom_styles_mobile=\u00bb.vc_custom_1581865239770{padding-top: 200px !important;}\u00bb][vc_empty_space height=\u00bb75px\u00bb][\/vc_column][vc_column width=\u00bb1\/2&#8243; css=\u00bb.vc_custom_1567497876359{padding-left: 50px !important;}\u00bb][\/vc_column][\/vc_row][vc_row equal_height=\u00bbyes\u00bb][vc_column width=\u00bb1\/2&#8243; css=\u00bb.vc_custom_1581865239765{border-radius: 10px !important;}\u00bb custom_styles_mobile=\u00bb.vc_custom_1581865239770{padding-top: 200px !important;}\u00bb][\/vc_column][vc_column width=\u00bb1\/2&#8243; css=\u00bb.vc_custom_1567497876359{padding-left: 50px !important;}\u00bb][vc_empty_space height=\u00bb50px\u00bb][\/vc_column][\/vc_row][vc_row][vc_column][vc_empty_space height=\u00bb64px\u00bb][\/vc_column][\/vc_row][vc_row full_width=\u00bbstretch_row\u00bb [&hellip;]\" \/>\n<meta property=\"og:url\" content=\"https:\/\/www.medix-care.com\/es\/televisores-sanitarios\/\" \/>\n<meta property=\"og:site_name\" content=\"MEDIX-CARE\" \/>\n<meta property=\"article:modified_time\" content=\"2021-01-14T10:57:22+00:00\" \/>\n<meta name=\"twitter:card\" content=\"summary_large_image\" \/>\n<meta name=\"twitter:label1\" content=\"Tiempo de lectura\" \/>\n\t<meta name=\"twitter:data1\" content=\"8 minutos\" \/>\n<!-- \/ Yoast SEO plugin. -->","yoast_head_json":{"title":"Televisores Sanitarios - MEDIX-CARE","robots":{"index":"index","follow":"follow","max-snippet":"max-snippet:-1","max-image-preview":"max-image-preview:large","max-video-preview":"max-video-preview:-1"},"canonical":"https:\/\/www.medix-care.com\/es\/televisores-sanitarios\/","og_locale":"es_ES","og_type":"article","og_title":"Televisores Sanitarios - MEDIX-CARE","og_description":"[vc_row full_width=\u00bbstretch_row\u00bb css=\u00bb.vc_custom_1596704168002{margin-bottom: -100px !important;padding-top: 80px !important;padding-bottom: 80px !important;background-image: url(https:\/\/www.medix-care.com\/wp-content\/uploads\/2020\/08\/Backgrounds-08.png?id=15516) !important;}\u00bb][vc_column offset=\u00bbvc_col-lg-6 vc_col-md-6&#8243;][\/vc_column][\/vc_row][vc_row equal_height=\u00bbyes\u00bb custom_styles_mobile=\u00bb.vc_custom_1568619457353{margin-bottom: 40px !important;}\u00bb][vc_column width=\u00bb1\/2&#8243;][vc_empty_space height=\u00bb50px\u00bb][\/vc_column][vc_column width=\u00bb1\/2&#8243; css=\u00bb.vc_custom_1581864980108{border-radius: 10px !important;}\u00bb custom_styles_mobile=\u00bb.vc_custom_1581864980113{padding-top: 200px !important;}\u00bb][vc_empty_space height=\u00bb150px\u00bb][\/vc_column][\/vc_row][vc_row equal_height=\u00bbyes\u00bb][vc_column width=\u00bb1\/2&#8243; css=\u00bb.vc_custom_1581865239765{border-radius: 10px !important;}\u00bb custom_styles_mobile=\u00bb.vc_custom_1581865239770{padding-top: 200px !important;}\u00bb][vc_empty_space height=\u00bb75px\u00bb][\/vc_column][vc_column width=\u00bb1\/2&#8243; css=\u00bb.vc_custom_1567497876359{padding-left: 50px !important;}\u00bb][\/vc_column][\/vc_row][vc_row equal_height=\u00bbyes\u00bb][vc_column width=\u00bb1\/2&#8243; css=\u00bb.vc_custom_1581865239765{border-radius: 10px !important;}\u00bb custom_styles_mobile=\u00bb.vc_custom_1581865239770{padding-top: 200px !important;}\u00bb][\/vc_column][vc_column width=\u00bb1\/2&#8243; css=\u00bb.vc_custom_1567497876359{padding-left: 50px !important;}\u00bb][vc_empty_space height=\u00bb50px\u00bb][\/vc_column][\/vc_row][vc_row][vc_column][vc_empty_space height=\u00bb64px\u00bb][\/vc_column][\/vc_row][vc_row full_width=\u00bbstretch_row\u00bb [&hellip;]","og_url":"https:\/\/www.medix-care.com\/es\/televisores-sanitarios\/","og_site_name":"MEDIX-CARE","article_modified_time":"2021-01-14T10:57:22+00:00","twitter_card":"summary_large_image","twitter_misc":{"Tiempo de lectura":"8 minutos"},"schema":{"@context":"https:\/\/schema.org","@graph":[{"@type":"WebPage","@id":"https:\/\/www.medix-care.com\/es\/televisores-sanitarios\/","url":"https:\/\/www.medix-care.com\/es\/televisores-sanitarios\/","name":"Televisores Sanitarios - MEDIX-CARE","isPartOf":{"@id":"https:\/\/www.medix-care.com\/es\/#website"},"datePublished":"2021-01-13T09:22:45+00:00","dateModified":"2021-01-14T10:57:22+00:00","breadcrumb":{"@id":"https:\/\/www.medix-care.com\/es\/televisores-sanitarios\/#breadcrumb"},"inLanguage":"es","potentialAction":[{"@type":"ReadAction","target":["https:\/\/www.medix-care.com\/es\/televisores-sanitarios\/"]}]},{"@type":"BreadcrumbList","@id":"https:\/\/www.medix-care.com\/es\/televisores-sanitarios\/#breadcrumb","itemListElement":[{"@type":"ListItem","position":1,"name":"Home","item":"https:\/\/www.medix-care.com\/es\/"},{"@type":"ListItem","position":2,"name":"Televisores Sanitarios"}]},{"@type":"WebSite","@id":"https:\/\/www.medix-care.com\/es\/#website","url":"https:\/\/www.medix-care.com\/es\/","name":"MEDIX-CARE","description":"Digital Healthcare Platform","potentialAction":[{"@type":"SearchAction","target":{"@type":"EntryPoint","urlTemplate":"https:\/\/www.medix-care.com\/es\/?s={search_term_string}"},"query-input":{"@type":"PropertyValueSpecification","valueRequired":true,"valueName":"search_term_string"}}],"inLanguage":"es"}]}},"_links":{"self":[{"href":"https:\/\/www.medix-care.com\/es\/wp-json\/wp\/v2\/pages\/19113","targetHints":{"allow":["GET"]}}],"collection":[{"href":"https:\/\/www.medix-care.com\/es\/wp-json\/wp\/v2\/pages"}],"about":[{"href":"https:\/\/www.medix-care.com\/es\/wp-json\/wp\/v2\/types\/page"}],"author":[{"embeddable":true,"href":"https:\/\/www.medix-care.com\/es\/wp-json\/wp\/v2\/users\/4"}],"replies":[{"embeddable":true,"href":"https:\/\/www.medix-care.com\/es\/wp-json\/wp\/v2\/comments?post=19113"}],"version-history":[{"count":27,"href":"https:\/\/www.medix-care.com\/es\/wp-json\/wp\/v2\/pages\/19113\/revisions"}],"predecessor-version":[{"id":19444,"href":"https:\/\/www.medix-care.com\/es\/wp-json\/wp\/v2\/pages\/19113\/revisions\/19444"}],"wp:attachment":[{"href":"https:\/\/www.medix-care.com\/es\/wp-json\/wp\/v2\/media?parent=19113"}],"curies":[{"name":"wp","href":"https:\/\/api.w.org\/{rel}","templated":true}]}}