{"id":19782,"date":"2021-01-28T11:25:19","date_gmt":"2021-01-28T11:25:19","guid":{"rendered":"https:\/\/www.medix-care.com\/referencias\/"},"modified":"2023-01-27T14:08:09","modified_gmt":"2023-01-27T13:08:09","slug":"referencias","status":"publish","type":"page","link":"https:\/\/www.medix-care.com\/es\/referencias\/","title":{"rendered":"Referencias"},"content":{"rendered":"<p>[vc_row full_width=\u00bbstretch_row\u00bb css=\u00bb.vc_custom_1611155477425{border-top-width: 80px !important;border-bottom-width: 80px !important;background-image: url(https:\/\/www.medix-care.com\/wp-content\/uploads\/2020\/08\/iStock-919803146.jpg?id=15852) !important;}\u00bb][vc_column][vc_empty_space height=\u00bb65px\u00bb]<div class='rb_textmodule_69e4971ab4431 rb_textmodule with_subtitle'><div class='rb_textmodule_info_wrapper'><div class='rb_textmodule_content_wrapper'><h1><span style=\"color: #ffffff;\">Referencias<\/span><\/h1>\n\n<\/div><\/div><\/div>[vc_empty_space height=\u00bb65px\u00bb][\/vc_column][\/vc_row][vc_row equal_height=\u00bbyes\u00bb][vc_column][vc_empty_space height=\u00bb60px\u00bb][\/vc_column][vc_column width=\u00bb1\/2&#8243; css=\u00bb.vc_custom_1611150570159{background-image: url(https:\/\/www.medix-care.com\/wp-content\/uploads\/2021\/01\/645-erasmus-mc-loc-1024&#215;576-1.jpg?id=19551) !important;border-radius: 10px !important;}\u00bb custom_styles_mobile=\u00bb.vc_custom_1611150570164{padding-top: 200px !important;}\u00bb][\/vc_column][vc_column width=\u00bb1\/2&#8243; css=\u00bb.vc_custom_1568616463799{padding-left: 80px !important;}\u00bb custom_styles_mobile=\u00bb.vc_custom_1568616463806{padding-left: 15px !important;}\u00bb]<div class='rb_textmodule_69e4971ab4d25 rb_textmodule with_subtitle mobile_align_center'><p class='h5 rb_textmodule_subtitle'>Pa\u00edses Bajos<\/p><div class='rb_textmodule_info_wrapper'><h3 class='rb_textmodule_title has_divider'>Hospital Universitario Erasmus MC<span class='rb_textmodule_divider'><\/span><\/h3><div class='rb_textmodule_content_wrapper'><h5>Erasmus MC, con sus ra\u00edces en Rotterdam, es un hospital acad\u00e9mico l\u00edder a nivel internacional, comprometido con la salud de la poblaci\u00f3n y que busca la excelencia en la atenci\u00f3n sanitaria a trav\u00e9s de la investigaci\u00f3n, la ense\u00f1anza y la tecnolog\u00eda.<\/h5>\n\n<\/div><\/div><\/div>[\/vc_column][vc_column][vc_empty_space height=\u00bb25px\u00bb]<div class='rb_textmodule_69e4971ab5055 rb_textmodule with_subtitle mobile_align_center'><div class='rb_textmodule_info_wrapper'><div class='rb_textmodule_content_wrapper'><h5>Alcance<\/h5>\n<p><img decoding=\"async\" src=\"https:\/\/www.medix-care.com\/wp-content\/uploads\/2023\/01\/logos-small-link.png\" alt=\"\" width=\"107\" height=\"60\" class=\"alignnone size-full wp-image-23547\" \/><\/p>\n<ul>\n<li>900 Tabletas \/ 600 Televisores<\/li>\n<li>MEDIX-CARE Link \u2013 Soluci\u00f3n de infoentretenimiento para pacientes<\/li>\n<li>IPTV, Radio, Aplicaciones de Streaming, Juegos<\/li>\n<li>Sistema CMS<\/li>\n<li>Integraci\u00f3n de HiX a HIS (SIH)<\/li>\n<li>Sistema de pedidos de comida Cullicard<\/li>\n<li>Smartphone para enfermeras (Integraci\u00f3n Ascom Myco)<\/li>\n<li>Control de habitaciones (Bacnet\/JohnsonControl)<\/li>\n<li>Portal del paciente<\/li>\n<\/ul>\n\n<\/div><\/div><\/div>[\/vc_column][vc_column][vc_empty_space height=\u00bb60px\u00bb][\/vc_column][\/vc_row][vc_row full_width=\u00bbstretch_row\u00bb equal_height=\u00bbyes\u00bb css=\u00bb.vc_custom_1611155790391{background-color: rgba(30,115,190,0.06) !important;*background-color: rgb(30,115,190) !important;}\u00bb][vc_column][vc_empty_space height=\u00bb60px\u00bb][\/vc_column][vc_column width=\u00bb1\/2&#8243; css=\u00bb.vc_custom_1611161784772{background-image: url(https:\/\/www.medix-care.com\/wp-content\/uploads\/2021\/01\/csm_Klinikum_Hildesheim-460x307_908bd02baf.jpg?id=19608) !important;border-radius: 10px !important;}\u00bb custom_styles_mobile=\u00bb.vc_custom_1611161784777{padding-top: 200px !important;}\u00bb][\/vc_column][vc_column width=\u00bb1\/2&#8243; css=\u00bb.vc_custom_1568616463799{padding-left: 80px !important;}\u00bb custom_styles_mobile=\u00bb.vc_custom_1568616463806{padding-left: 15px !important;}\u00bb]<div class='rb_textmodule_69e4971ab55a1 rb_textmodule with_subtitle align_left mobile_align_center'><p class='h5 rb_textmodule_subtitle'>Alemania<\/p><div class='rb_textmodule_info_wrapper'><h3 class='rb_textmodule_title has_divider'>Helios Klinikum Hildesheim (Cl\u00ednica Helios Hildesheim)<span class='rb_textmodule_divider'><\/span><\/h3><div class='rb_textmodule_content_wrapper'><h5>La Helios Klinikum Hildesheim es un centro de atenci\u00f3n especializada con 579 camas. Las amplias opciones diagn\u00f3sticas y terap\u00e9uticas, as\u00ed como la tecnolog\u00eda m\u00e9dica m\u00e1s avanzada, garantizan la mejor atenci\u00f3n m\u00e9dica posible a los pacientes.<\/h5>\n\n<\/div><\/div><\/div>[\/vc_column][vc_column][vc_empty_space height=\u00bb25px\u00bb]<div class='rb_textmodule_69e4971ab5893 rb_textmodule with_subtitle mobile_align_center'><div class='rb_textmodule_info_wrapper'><div class='rb_textmodule_content_wrapper'><h5>Alcance<\/h5>\n<p><img decoding=\"async\" src=\"https:\/\/www.medix-care.com\/wp-content\/uploads\/2023\/01\/logos-small-drei-2.png\" alt=\"\" width=\"544\" height=\"60\" class=\"alignnone size-full wp-image-23550\" srcset=\"https:\/\/www.medix-care.com\/wp-content\/uploads\/2023\/01\/logos-small-drei-2.png 544w, https:\/\/www.medix-care.com\/wp-content\/uploads\/2023\/01\/logos-small-drei-2-300x33.png 300w\" sizes=\"(max-width: 544px) 100vw, 544px\" \/><\/p>\n<ul>\n<li>600 Tabletas \/ 600 BYOD<\/li>\n<li>MEDIX-CARE Link &#8211; Soluci\u00f3n de infoentretenimiento para pacientes<\/li>\n<li>ClinXIdent: sistema de check-in digital para los visitantes<\/li>\n<li>VicoCare: Sistema de telesalud y videocomunicaci\u00f3n<\/li>\n<li>IPTV, Radio, Aplicaciones de Streaming, Revistas, Juegos<\/li>\n<li>Sistema CMS<\/li>\n<li>Aplicaci\u00f3n de llamada para pacientes<\/li>\n<li>Control de avisos y llamadas para enfermer\u00eda con dispositivo MEDIX-CARE<\/li>\n<li>Educaci\u00f3n para el paciente<\/li>\n<li>Tienda online para pedidos internos (snacks, bebidas, revistas, etc.)<\/li>\n<li>Encuestas<\/li>\n<li>Wayfinding con geolocalizaci\u00f3n del dispositivo del paciente<\/li>\n<\/ul>\n\n<\/div><\/div><\/div>[\/vc_column][vc_column][vc_empty_space height=\u00bb60px\u00bb][\/vc_column][\/vc_row][vc_row equal_height=\u00bbyes\u00bb][vc_column][vc_empty_space height=\u00bb60px\u00bb][\/vc_column][vc_column width=\u00bb1\/2&#8243; css=\u00bb.vc_custom_1611322247578{background-image: url(https:\/\/www.medix-care.com\/wp-content\/uploads\/2021\/01\/felix-platter-spital.jpg?id=19689) !important;border-radius: 10px !important;}\u00bb custom_styles_mobile=\u00bb.vc_custom_1611322247584{padding-top: 200px !important;}\u00bb][\/vc_column][vc_column width=\u00bb1\/2&#8243; css=\u00bb.vc_custom_1568616463799{padding-left: 80px !important;}\u00bb custom_styles_mobile=\u00bb.vc_custom_1568616463806{padding-left: 15px !important;}\u00bb]<div class='rb_textmodule_69e4971ab5dbd rb_textmodule with_subtitle mobile_align_center'><p class='h5 rb_textmodule_subtitle'>Suiza<\/p><div class='rb_textmodule_info_wrapper'><h3 class='rb_textmodule_title has_divider'>Universit\u00e4re Altersmedizin Felix Platter (Cl\u00ednica Universitaria Felix Platter)<span class='rb_textmodule_divider'><\/span><\/h3><div class='rb_textmodule_content_wrapper'><h5>La Universit\u00e4re Altersmedizin Felix Platter combina los campos especializados de la geriatr\u00eda de agudos, la psiquiatr\u00eda geri\u00e1trica y la rehabilitaci\u00f3n bajo el techo de uno de los edificios m\u00e1s innovadores de su clase. El hospital es conocido como la instituci\u00f3n l\u00edder en Suiza en materia de salud para la tercera edad y es reconocido por su ense\u00f1anza y la investigaci\u00f3n.<\/h5>\n\n<\/div><\/div><\/div>[\/vc_column][vc_column][vc_empty_space height=\u00bb25px\u00bb]<div class='rb_textmodule_69e4971ab60aa rb_textmodule with_subtitle mobile_align_center'><div class='rb_textmodule_info_wrapper'><div class='rb_textmodule_content_wrapper'><h5>Alcance<\/h5>\n<p><img decoding=\"async\" src=\"https:\/\/www.medix-care.com\/wp-content\/uploads\/2023\/01\/logos-small-link.png\" alt=\"\" width=\"107\" height=\"60\" class=\"alignnone size-full wp-image-23547\" \/><\/p>\n<ul>\n<li>280 iPad Pros \/ BYOD<\/li>\n<li>MEDIX-CARE Link &#8211; Soluci\u00f3n de infoentretenimiento para pacientes<\/li>\n<li>IPTV, Radio, Internet, Juegos<\/li>\n<li>Sistema CMS<\/li>\n<li>Apps, Noticias, RSS-Feed<\/li>\n<li>Integraci\u00f3n de HiX a HIS (SIH)<\/li>\n<li>Control de habitaciones<\/li>\n<li>Portal del paciente<\/li>\n<\/ul>\n\n<\/div><\/div><\/div>[\/vc_column][vc_column][vc_empty_space height=\u00bb60px\u00bb][\/vc_column][\/vc_row][vc_row full_width=\u00bbstretch_row\u00bb equal_height=\u00bbyes\u00bb css=\u00bb.vc_custom_1674824564182{background-color: rgba(30,115,190,0.06) !important;*background-color: rgb(30,115,190) !important;}\u00bb][vc_column][vc_empty_space height=\u00bb60px\u00bb][\/vc_column][vc_column width=\u00bb1\/2&#8243; css=\u00bb.vc_custom_1611161531092{background-image: url(https:\/\/www.medix-care.com\/wp-content\/uploads\/2021\/01\/healing.jpg?id=19603) !important;border-radius: 10px !important;}\u00bb custom_styles_mobile=\u00bb.vc_custom_1611161531097{padding-top: 200px !important;}\u00bb][\/vc_column][vc_column width=\u00bb1\/2&#8243; css=\u00bb.vc_custom_1568616463799{padding-left: 80px !important;}\u00bb custom_styles_mobile=\u00bb.vc_custom_1568616463806{padding-left: 15px !important;}\u00bb]<div class='rb_textmodule_69e4971ab6494 rb_textmodule with_subtitle mobile_align_center'><p class='h5 rb_textmodule_subtitle'>Arabia Saud\u00ed<\/p><div class='rb_textmodule_info_wrapper'><h3 class='rb_textmodule_title has_divider'>International Medical Center (IMC)<span class='rb_textmodule_divider'><\/span><\/h3><div class='rb_textmodule_content_wrapper'><h5>El IMC es un hospital multidisciplinario<br \/>\nque presta servicios por m\u00e1s de 150 m\u00e9dicos certificados de EE. UU., Canad\u00e1 y Europa. El hospital est\u00e1 equipado con instalaciones de \u00faltima generaci\u00f3n, lo que lo convierte en uno de los mejores hospitales de la regi\u00f3n.<\/h5>\n\n<\/div><\/div><\/div>[\/vc_column][vc_column][vc_empty_space height=\u00bb25px\u00bb]<div class='rb_textmodule_69e4971ab6781 rb_textmodule with_subtitle mobile_align_center'><div class='rb_textmodule_info_wrapper'><div class='rb_textmodule_content_wrapper'><h5>Alcance<\/h5>\n<p><img decoding=\"async\" src=\"https:\/\/www.medix-care.com\/wp-content\/uploads\/2023\/01\/logos-small-link.png\" alt=\"\" width=\"107\" height=\"60\" class=\"alignnone size-full wp-image-23547\" \/><\/p>\n<ul>\n<li>182 Terminales Multimedia \/ 182 Digital Signage \/ + 182 Carteles para puertas<\/li>\n<li>MEDIX-CARE Link &#8211; Soluci\u00f3n de infoentretenimiento para pacientes<\/li>\n<li>Nutrio &#8211; sistema de pedido de comidas y gesti\u00f3n de dietas<\/li>\n<li>IPTV, Radio, Internet, Juegos<\/li>\n<li>Sistema CMS<\/li>\n<li>Apps, Noticias, RSS-Feed<\/li>\n<li>WifiTV con transcodificaci\u00f3n para dispositivos m\u00f3viles<\/li>\n<li>Wayfinding con geolocalizaci\u00f3n del dispositivo del paciente<\/li>\n<li>Integraci\u00f3n de HiX a HIS (SIH)<\/li>\n<li>Sistema de pedidos de comida Cullicard<\/li>\n<li>Smartphone para enfermeras (Integraci\u00f3n Ascom Myco)<\/li>\n<li>Control de habitaciones<\/li>\n<li>Portal del paciente<\/li>\n<\/ul>\n\n<\/div><\/div><\/div>[\/vc_column][vc_column][vc_empty_space height=\u00bb60px\u00bb][\/vc_column][\/vc_row][vc_row full_width=\u00bbstretch_row\u00bb css=\u00bb.vc_custom_1611170755783{margin-top: 40px !important;}\u00bb][vc_column][vc_empty_space height=\u00bb64px\u00bb]<div class='rb_textmodule_69e4971ab6b11 rb_textmodule with_subtitle align_center mobile_align_center'><div class='rb_textmodule_info_wrapper'><h3 class='rb_textmodule_title '>Extracto de nuestra cartera de clientes<\/h3><div class='rb_textmodule_content_wrapper'><p>Si lo solicita, le proporcionaremos una lista completa de referencias.<\/p>\n<\/div><\/div><\/div>[\/vc_column][\/vc_row][vc_row full_width=\u00bbstretch_row\u00bb][vc_column width=\u00bb1\/4&#8243;]<div id='rb_image_69e4971ab6dd2' class='rb_image_module background_no_hover' ><div class=\"main_image\"><img decoding=\"async\" class=\"image\" src=\"https:\/\/www.medix-care.com\/wp-content\/uploads\/2021\/01\/logo-enzensberg.png\" alt=\"Logo Enzensberg\" \/><\/div><\/div>[vc_empty_space][\/vc_column][vc_column width=\u00bb1\/4&#8243;]<div id='rb_image_69e4971ab7068' class='rb_image_module background_no_hover' ><div class=\"main_image\"><img decoding=\"async\" class=\"image\" src=\"https:\/\/www.medix-care.com\/wp-content\/uploads\/2023\/01\/logo-hl.png\" alt=\"\" \/><\/div><\/div>[vc_empty_space][\/vc_column][vc_column width=\u00bb1\/4&#8243;]<div id='rb_image_69e4971ab72b6' class='rb_image_module background_no_hover' ><div class=\"main_image\"><img decoding=\"async\" class=\"image\" src=\"https:\/\/www.medix-care.com\/wp-content\/uploads\/2021\/01\/logo-reha-einrichtungen.png\" alt=\"Logo Reha Einrichtungen\" \/><\/div><\/div>[vc_empty_space][\/vc_column][vc_column width=\u00bb1\/4&#8243;]<div id='rb_image_69e4971ab74f3' class='rb_image_module background_no_hover' ><div class=\"main_image\"><img decoding=\"async\" class=\"image\" src=\"https:\/\/www.medix-care.com\/wp-content\/uploads\/2021\/01\/logo-drsoliman.png\" alt=\"Logo Dr Soliman\" \/><\/div><\/div>[vc_empty_space][\/vc_column][\/vc_row][vc_row full_width=\u00bbstretch_row\u00bb][vc_column width=\u00bb1\/4&#8243;]<div id='rb_image_69e4971ab7726' class='rb_image_module background_no_hover' ><div class=\"main_image\"><img decoding=\"async\" class=\"image\" src=\"https:\/\/www.medix-care.com\/wp-content\/uploads\/2021\/01\/logo-hug.png\" alt=\"\" \/><\/div><\/div>[vc_empty_space][\/vc_column][vc_column width=\u00bb1\/4&#8243;]<div id='rb_image_69e4971ab7955' class='rb_image_module background_no_hover' ><div class=\"main_image\"><img decoding=\"async\" class=\"image\" src=\"https:\/\/www.medix-care.com\/wp-content\/uploads\/2021\/01\/logo-nci.png\" alt=\"\" \/><\/div><\/div>[vc_empty_space][\/vc_column][vc_column width=\u00bb1\/4&#8243;]<div id='rb_image_69e4971ab7b74' class='rb_image_module background_no_hover' ><div class=\"main_image\"><img decoding=\"async\" class=\"image\" src=\"https:\/\/www.medix-care.com\/wp-content\/uploads\/2021\/01\/logo-asana.png\" alt=\"\" \/><\/div><\/div>[vc_empty_space][\/vc_column][vc_column width=\u00bb1\/4&#8243;]<div id='rb_image_69e4971ab7d8f' class='rb_image_module background_no_hover' ><div class=\"main_image\"><img decoding=\"async\" class=\"image\" src=\"https:\/\/www.medix-care.com\/wp-content\/uploads\/2021\/01\/logo-radboudumc.png\" alt=\"Logo Rdboudumc\" \/><\/div><\/div>[vc_empty_space height=\u00bb82px\u00bb][\/vc_column][\/vc_row][vc_row][vc_column][vc_empty_space height=\u00bb64px\u00bb][\/vc_column][\/vc_row][vc_row full_width=\u00bbstretch_row\u00bb content_placement=\u00bbmiddle\u00bb css=\u00bb.vc_custom_1568036385537{margin-bottom: -100px !important;padding-top: 50px !important;padding-bottom: 50px !important;background-image: url(https:\/\/www.medix-care.com\/wp-content\/uploads\/2019\/08\/bg_04.jpg?id=108) !important;}\u00bb][vc_column width=\u00bb2\/3&#8243;]<div class='rb_textmodule_69e4971ab7fd4 rb_textmodule with_icon align_left mobile_align_center'><div class='rb_textmodule_icon shape_none'><i class='flaticon-question-1'><\/i><\/div><div class='rb_textmodule_info_wrapper'><h3 class='rb_textmodule_title '>\u00bfC\u00f3mo podemos ayudarle?<\/h3><div class='rb_textmodule_content_wrapper'><p>Estamos aqu\u00ed para ayudar, puede llamarnos para cualquier duda o informaci\u00f3n<\/p>\n<\/div><\/div><\/div>[\/vc_column][vc_column width=\u00bb1\/3&#8243; custom_styles_mobile=\u00bb.vc_custom_1568616608648{margin-top: 30px !important;}\u00bb]<div id='rb_button_wrapper_69e4971ab82f2' class='rb_button_wrapper '><a id='rb_button_69e4971ab82f3' class='rb_button arrow_fade_out medium' href='https:\/\/www.medix-care.com\/de\/kontakt' target=\"_blank\"><span>Leer m\u00e1s<\/span><\/a><\/div>[\/vc_column][\/vc_row][vc_row][vc_column]<div class='rb_gallery_69e4971ab834c rb_gallery_wrapper'><div class='rb_gallery_images columns_3 masonry'><div class='rb_gallery_image'><img src='' alt='' \/><div class='rb_gallery_overlay'><\/div><\/div><div class='rb_gallery_image'><img src='' alt='' \/><div class='rb_gallery_overlay'><\/div><\/div><div class='rb_gallery_image'><img src='' alt='' \/><div class='rb_gallery_overlay'><\/div><\/div><\/div><\/div>[\/vc_column][\/vc_row]<\/p>\n","protected":false},"excerpt":{"rendered":"<p>[vc_row full_width=\u00bbstretch_row\u00bb css=\u00bb.vc_custom_1611155477425{border-top-width: 80px !important;border-bottom-width: 80px !important;background-image: url(https:\/\/www.medix-care.com\/wp-content\/uploads\/2020\/08\/iStock-919803146.jpg?id=15852) !important;}\u00bb][vc_column][vc_empty_space height=\u00bb65px\u00bb][vc_empty_space height=\u00bb65px\u00bb][\/vc_column][\/vc_row][vc_row equal_height=\u00bbyes\u00bb][vc_column][vc_empty_space height=\u00bb60px\u00bb][\/vc_column][vc_column width=\u00bb1\/2&#8243; css=\u00bb.vc_custom_1611150570159{background-image: url(https:\/\/www.medix-care.com\/wp-content\/uploads\/2021\/01\/645-erasmus-mc-loc-1024&#215;576-1.jpg?id=19551) !important;border-radius: 10px !important;}\u00bb custom_styles_mobile=\u00bb.vc_custom_1611150570164{padding-top: 200px !important;}\u00bb][\/vc_column][vc_column width=\u00bb1\/2&#8243; css=\u00bb.vc_custom_1568616463799{padding-left: 80px !important;}\u00bb custom_styles_mobile=\u00bb.vc_custom_1568616463806{padding-left: 15px !important;}\u00bb][\/vc_column][vc_column][vc_empty_space height=\u00bb25px\u00bb][\/vc_column][vc_column][vc_empty_space height=\u00bb60px\u00bb][\/vc_column][\/vc_row][vc_row full_width=\u00bbstretch_row\u00bb equal_height=\u00bbyes\u00bb css=\u00bb.vc_custom_1611155790391{background-color: rgba(30,115,190,0.06) !important;*background-color: rgb(30,115,190) !important;}\u00bb][vc_column][vc_empty_space height=\u00bb60px\u00bb][\/vc_column][vc_column width=\u00bb1\/2&#8243; css=\u00bb.vc_custom_1611161784772{background-image: url(https:\/\/www.medix-care.com\/wp-content\/uploads\/2021\/01\/csm_Klinikum_Hildesheim-460x307_908bd02baf.jpg?id=19608) !important;border-radius: 10px !important;}\u00bb custom_styles_mobile=\u00bb.vc_custom_1611161784777{padding-top: 200px !important;}\u00bb][\/vc_column][vc_column width=\u00bb1\/2&#8243; css=\u00bb.vc_custom_1568616463799{padding-left: 80px !important;}\u00bb custom_styles_mobile=\u00bb.vc_custom_1568616463806{padding-left: 15px !important;}\u00bb][\/vc_column][vc_column][vc_empty_space [&hellip;]<\/p>\n","protected":false},"author":3,"featured_media":19553,"parent":0,"menu_order":0,"comment_status":"closed","ping_status":"closed","template":"","meta":{"footnotes":""},"class_list":["post-19782","page","type-page","status-publish","has-post-thumbnail","hentry"],"yoast_head":"<!-- This site is optimized with the Yoast SEO plugin v24.9 - https:\/\/yoast.com\/wordpress\/plugins\/seo\/ -->\n<title>Referencias - Soluciones de salud digital de MEDIX-CARE<\/title>\n<meta name=\"description\" content=\"\u00bfBusca soluciones digitales innovadoras en el sector sanitario? La plataforma MEDIX-CARE ofrece soluciones digitales innovadoras para el sector sanitario que alivian al personal de los hospitales y apoyan a los pacientes en el proceso de atenci\u00f3n.\" \/>\n<meta name=\"robots\" content=\"index, follow, max-snippet:-1, max-image-preview:large, max-video-preview:-1\" \/>\n<link rel=\"canonical\" href=\"https:\/\/www.medix-care.com\/es\/referencias\/\" \/>\n<meta property=\"og:locale\" content=\"es_ES\" \/>\n<meta property=\"og:type\" content=\"article\" \/>\n<meta property=\"og:title\" content=\"Referencias - Soluciones de salud digital de MEDIX-CARE\" \/>\n<meta property=\"og:description\" content=\"\u00bfBusca soluciones digitales innovadoras en el sector sanitario? La plataforma MEDIX-CARE ofrece soluciones digitales innovadoras para el sector sanitario que alivian al personal de los hospitales y apoyan a los pacientes en el proceso de atenci\u00f3n.\" \/>\n<meta property=\"og:url\" content=\"https:\/\/www.medix-care.com\/es\/referencias\/\" \/>\n<meta property=\"og:site_name\" content=\"MEDIX-CARE\" \/>\n<meta property=\"article:modified_time\" content=\"2023-01-27T13:08:09+00:00\" \/>\n<meta property=\"og:image\" content=\"https:\/\/www.medix-care.com\/wp-content\/uploads\/2021\/01\/645-erasmus-mc-loc-1024x576-1.jpg\" \/>\n\t<meta property=\"og:image:width\" content=\"1024\" \/>\n\t<meta property=\"og:image:height\" content=\"576\" \/>\n\t<meta property=\"og:image:type\" content=\"image\/jpeg\" \/>\n<meta name=\"twitter:card\" content=\"summary_large_image\" \/>\n<meta name=\"twitter:label1\" content=\"Tiempo de lectura\" \/>\n\t<meta name=\"twitter:data1\" content=\"11 minutos\" \/>\n<!-- \/ Yoast SEO plugin. -->","yoast_head_json":{"title":"Referencias - Soluciones de salud digital de MEDIX-CARE","description":"\u00bfBusca soluciones digitales innovadoras en el sector sanitario? La plataforma MEDIX-CARE ofrece soluciones digitales innovadoras para el sector sanitario que alivian al personal de los hospitales y apoyan a los pacientes en el proceso de atenci\u00f3n.","robots":{"index":"index","follow":"follow","max-snippet":"max-snippet:-1","max-image-preview":"max-image-preview:large","max-video-preview":"max-video-preview:-1"},"canonical":"https:\/\/www.medix-care.com\/es\/referencias\/","og_locale":"es_ES","og_type":"article","og_title":"Referencias - Soluciones de salud digital de MEDIX-CARE","og_description":"\u00bfBusca soluciones digitales innovadoras en el sector sanitario? La plataforma MEDIX-CARE ofrece soluciones digitales innovadoras para el sector sanitario que alivian al personal de los hospitales y apoyan a los pacientes en el proceso de atenci\u00f3n.","og_url":"https:\/\/www.medix-care.com\/es\/referencias\/","og_site_name":"MEDIX-CARE","article_modified_time":"2023-01-27T13:08:09+00:00","og_image":[{"width":1024,"height":576,"url":"https:\/\/www.medix-care.com\/wp-content\/uploads\/2021\/01\/645-erasmus-mc-loc-1024x576-1.jpg","type":"image\/jpeg"}],"twitter_card":"summary_large_image","twitter_misc":{"Tiempo de lectura":"11 minutos"},"schema":{"@context":"https:\/\/schema.org","@graph":[{"@type":"WebPage","@id":"https:\/\/www.medix-care.com\/es\/referencias\/","url":"https:\/\/www.medix-care.com\/es\/referencias\/","name":"Referencias - Soluciones de salud digital de MEDIX-CARE","isPartOf":{"@id":"https:\/\/www.medix-care.com\/es\/#website"},"primaryImageOfPage":{"@id":"https:\/\/www.medix-care.com\/es\/referencias\/#primaryimage"},"image":{"@id":"https:\/\/www.medix-care.com\/es\/referencias\/#primaryimage"},"thumbnailUrl":"https:\/\/www.medix-care.com\/wp-content\/uploads\/2021\/01\/645-erasmus-mc-loc-1024x576-1.jpg","datePublished":"2021-01-28T11:25:19+00:00","dateModified":"2023-01-27T13:08:09+00:00","description":"\u00bfBusca soluciones digitales innovadoras en el sector sanitario? La plataforma MEDIX-CARE ofrece soluciones digitales innovadoras para el sector sanitario que alivian al personal de los hospitales y apoyan a los pacientes en el proceso de atenci\u00f3n.","breadcrumb":{"@id":"https:\/\/www.medix-care.com\/es\/referencias\/#breadcrumb"},"inLanguage":"es","potentialAction":[{"@type":"ReadAction","target":["https:\/\/www.medix-care.com\/es\/referencias\/"]}]},{"@type":"ImageObject","inLanguage":"es","@id":"https:\/\/www.medix-care.com\/es\/referencias\/#primaryimage","url":"https:\/\/www.medix-care.com\/wp-content\/uploads\/2021\/01\/645-erasmus-mc-loc-1024x576-1.jpg","contentUrl":"https:\/\/www.medix-care.com\/wp-content\/uploads\/2021\/01\/645-erasmus-mc-loc-1024x576-1.jpg","width":1024,"height":576,"caption":"erasmus hospital"},{"@type":"BreadcrumbList","@id":"https:\/\/www.medix-care.com\/es\/referencias\/#breadcrumb","itemListElement":[{"@type":"ListItem","position":1,"name":"Home","item":"https:\/\/www.medix-care.com\/es\/"},{"@type":"ListItem","position":2,"name":"Referencias"}]},{"@type":"WebSite","@id":"https:\/\/www.medix-care.com\/es\/#website","url":"https:\/\/www.medix-care.com\/es\/","name":"MEDIX-CARE","description":"Digital Healthcare Platform","potentialAction":[{"@type":"SearchAction","target":{"@type":"EntryPoint","urlTemplate":"https:\/\/www.medix-care.com\/es\/?s={search_term_string}"},"query-input":{"@type":"PropertyValueSpecification","valueRequired":true,"valueName":"search_term_string"}}],"inLanguage":"es"}]}},"_links":{"self":[{"href":"https:\/\/www.medix-care.com\/es\/wp-json\/wp\/v2\/pages\/19782","targetHints":{"allow":["GET"]}}],"collection":[{"href":"https:\/\/www.medix-care.com\/es\/wp-json\/wp\/v2\/pages"}],"about":[{"href":"https:\/\/www.medix-care.com\/es\/wp-json\/wp\/v2\/types\/page"}],"author":[{"embeddable":true,"href":"https:\/\/www.medix-care.com\/es\/wp-json\/wp\/v2\/users\/3"}],"replies":[{"embeddable":true,"href":"https:\/\/www.medix-care.com\/es\/wp-json\/wp\/v2\/comments?post=19782"}],"version-history":[{"count":5,"href":"https:\/\/www.medix-care.com\/es\/wp-json\/wp\/v2\/pages\/19782\/revisions"}],"predecessor-version":[{"id":23556,"href":"https:\/\/www.medix-care.com\/es\/wp-json\/wp\/v2\/pages\/19782\/revisions\/23556"}],"wp:featuredmedia":[{"embeddable":true,"href":"https:\/\/www.medix-care.com\/es\/wp-json\/wp\/v2\/media\/19553"}],"wp:attachment":[{"href":"https:\/\/www.medix-care.com\/es\/wp-json\/wp\/v2\/media?parent=19782"}],"curies":[{"name":"wp","href":"https:\/\/api.w.org\/{rel}","templated":true}]}}